{"id":1539,"date":"2021-11-23T23:17:52","date_gmt":"2021-11-23T22:17:52","guid":{"rendered":"https:\/\/lillsport.advanttest.se\/product\/coach-0202\/"},"modified":"2026-04-17T11:15:26","modified_gmt":"2026-04-17T09:15:26","slug":"coach-0202","status":"publish","type":"product","link":"https:\/\/lillsport.com\/sv\/produkt\/coach-0202\/","title":{"rendered":"Coach &#8211; 0202"},"content":{"rendered":"<p>Fodrad och vindavvisande motions-handske med innerhand av l\u00e4der anpassad f\u00f6r medelh\u00f6g intensitet vid kallare temperaturer. Ovanhanden best\u00e5r av vindavvisande textil med god andningsf\u00f6rm\u00e5ga som skyddar dina h\u00e4nder mot kyla och ventilerar kroppsv\u00e4rme f\u00f6r b\u00e4sta komfort. Luftigt och isolerande hjortl\u00e4der i innerhanden medf\u00f6r v\u00e4rme och god k\u00e4nsla mot staven. Handsken har \u00e4ven ett tjockt, stickat foder som h\u00e5ller dina h\u00e4nder varma och torra. \u00d6ppen, traditionell mudd g\u00f6r att handsken \u00e4r extra l\u00e4tt att ta p\u00e5 och av i sp\u00e5ret.<\/p>\n","protected":false},"excerpt":{"rendered":"<p>Lillsports mest s\u00e5lda handske sedan 1984! Den passar dig som vill ha en bekv\u00e4m handske, med ett bra grepp som ocks\u00e5 h\u00e5ller dig varm i skidsp\u00e5ret. Coach \u00e4r en fodrad handske med slitstarkt l\u00e4der och en vindt\u00e4t ovansida.<\/p>\n","protected":false},"featured_media":3250,"template":"","meta":{"_acf_changed":false},"pwb-brand":[258],"product_brand":[],"product_cat":[238,409],"product_tag":[],"class_list":{"0":"post-1539","1":"product","2":"type-product","3":"status-publish","4":"has-post-thumbnail","6":"pwb-brand-lillsport","7":"product_cat-cross-country-ski-gloves","8":"product_cat-training-and-touring","9":"pa_farg-black","10":"pa_foder-fodrad","11":"pa_komposition-hjortlader","12":"pa_komposition-vind-och-vattenavvisande-3-lagerstextil","13":"pa_material-lader","14":"pa_passform-standard","15":"pa_storlek-279","16":"pa_storlek-280","17":"pa_storlek-281","18":"pa_storlek-261","19":"pa_storlek-269","20":"pa_storlek-276","21":"pa_storlek-277","22":"pa_storlek-278","23":"pa_typ-fingerhandske","25":"first","26":"instock","27":"taxable","28":"shipping-taxable","29":"purchasable","30":"product-type-variable"},"acf":[],"kroconnect":{"tax_rate":25,"price_inc_vat":{"regular_price":599},"price_ex_vat":{"regular_price":479.2}},"brands":[{"id":258,"name":"Lillsport","slug":"lillsport"}],"_links":{"self":[{"href":"https:\/\/lillsport.com\/sv\/wp-json\/wp\/v2\/product\/1539","targetHints":{"allow":["GET"]}}],"collection":[{"href":"https:\/\/lillsport.com\/sv\/wp-json\/wp\/v2\/product"}],"about":[{"href":"https:\/\/lillsport.com\/sv\/wp-json\/wp\/v2\/types\/product"}],"wp:featuredmedia":[{"embeddable":true,"href":"https:\/\/lillsport.com\/sv\/wp-json\/wp\/v2\/media\/3250"}],"wp:attachment":[{"href":"https:\/\/lillsport.com\/sv\/wp-json\/wp\/v2\/media?parent=1539"}],"wp:term":[{"taxonomy":"pwb-brand","embeddable":true,"href":"https:\/\/lillsport.com\/sv\/wp-json\/wp\/v2\/pwb-brand?post=1539"},{"taxonomy":"product_brand","embeddable":true,"href":"https:\/\/lillsport.com\/sv\/wp-json\/wp\/v2\/product_brand?post=1539"},{"taxonomy":"product_cat","embeddable":true,"href":"https:\/\/lillsport.com\/sv\/wp-json\/wp\/v2\/product_cat?post=1539"},{"taxonomy":"product_tag","embeddable":true,"href":"https:\/\/lillsport.com\/sv\/wp-json\/wp\/v2\/product_tag?post=1539"}],"curies":[{"name":"wp","href":"https:\/\/api.w.org\/{rel}","templated":true}]}}