{"id":1574,"date":"2021-11-23T23:18:27","date_gmt":"2021-11-23T22:18:27","guid":{"rendered":"https:\/\/lillsport.advanttest.se\/product\/touring-0307\/"},"modified":"2026-04-14T10:30:57","modified_gmt":"2026-04-14T08:30:57","slug":"touring-0307","status":"publish","type":"product","link":"https:\/\/lillsport.com\/sv\/produkt\/touring-0307\/","title":{"rendered":"Touring &#8211; 0307"},"content":{"rendered":"<p>Touring\u00a0\u00e4r en fodrad turhandske som l\u00e4mpar sig f\u00f6r lugnare turer d\u00e4r upplevelsen \u00e4r viktigare \u00e4n tempot. Ovanhanden best\u00e5r av vindavvisande fleece och innerhanden av f\u00f6ljsamt l\u00e4der med fint grepp. Handsken \u00e4r fodrad med tjock vadd och har ett varm foder i micro-fleece. \u00d6ppen, traditionell mudd g\u00f6r att handsken \u00e4r extra l\u00e4tt att ta p\u00e5 och av i sp\u00e5ret.<\/p>\n","protected":false},"excerpt":{"rendered":"<p>Klassiska turhandsken med ett varmt innerfoder, slitstarkt l\u00e4der och en ovansida i fleece.<\/p>\n","protected":false},"featured_media":3333,"template":"","meta":{"_acf_changed":false},"pwb-brand":[258],"product_brand":[],"product_cat":[238,410],"product_tag":[],"class_list":{"0":"post-1574","1":"product","2":"type-product","3":"status-publish","4":"has-post-thumbnail","6":"pwb-brand-lillsport","7":"product_cat-cross-country-ski-gloves","8":"product_cat-training-and-excursion","9":"pa_farg-marine","10":"pa_foder-fodrad","11":"pa_komposition-naturligt-narvlader","12":"pa_komposition-vindavvisande-fleece","13":"pa_material-lader","14":"pa_passform-standard","15":"pa_storlek-279","16":"pa_storlek-280","17":"pa_storlek-281","18":"pa_storlek-261","19":"pa_storlek-269","20":"pa_storlek-276","21":"pa_storlek-277","22":"pa_storlek-278","23":"pa_typ-fingerhandske","25":"first","26":"instock","27":"taxable","28":"shipping-taxable","29":"product-type-variable"},"acf":[],"kroconnect":{"tax_rate":25,"price_inc_vat":{"regular_price":499},"price_ex_vat":{"regular_price":399.2}},"brands":[{"id":258,"name":"Lillsport","slug":"lillsport"}],"_links":{"self":[{"href":"https:\/\/lillsport.com\/sv\/wp-json\/wp\/v2\/product\/1574","targetHints":{"allow":["GET"]}}],"collection":[{"href":"https:\/\/lillsport.com\/sv\/wp-json\/wp\/v2\/product"}],"about":[{"href":"https:\/\/lillsport.com\/sv\/wp-json\/wp\/v2\/types\/product"}],"wp:featuredmedia":[{"embeddable":true,"href":"https:\/\/lillsport.com\/sv\/wp-json\/wp\/v2\/media\/3333"}],"wp:attachment":[{"href":"https:\/\/lillsport.com\/sv\/wp-json\/wp\/v2\/media?parent=1574"}],"wp:term":[{"taxonomy":"pwb-brand","embeddable":true,"href":"https:\/\/lillsport.com\/sv\/wp-json\/wp\/v2\/pwb-brand?post=1574"},{"taxonomy":"product_brand","embeddable":true,"href":"https:\/\/lillsport.com\/sv\/wp-json\/wp\/v2\/product_brand?post=1574"},{"taxonomy":"product_cat","embeddable":true,"href":"https:\/\/lillsport.com\/sv\/wp-json\/wp\/v2\/product_cat?post=1574"},{"taxonomy":"product_tag","embeddable":true,"href":"https:\/\/lillsport.com\/sv\/wp-json\/wp\/v2\/product_tag?post=1574"}],"curies":[{"name":"wp","href":"https:\/\/api.w.org\/{rel}","templated":true}]}}