{"id":1589,"date":"2021-11-23T23:18:42","date_gmt":"2021-11-23T22:18:42","guid":{"rendered":"https:\/\/lillsport.advanttest.se\/product\/legend-0401\/"},"modified":"2026-04-17T11:15:15","modified_gmt":"2026-04-17T09:15:15","slug":"legend-0401","status":"publish","type":"product","link":"https:\/\/lillsport.com\/sv\/produkt\/legend-0401\/","title":{"rendered":"Legend &#8211; 0401"},"content":{"rendered":"<p>Ofodrad, vindavvisande race-handske anpassad f\u00f6r medelh\u00f6g till h\u00f6g intensitet. Ovanhanden best\u00e5r av vindavvisande textil med god andningsf\u00f6rm\u00e5ga som skyddar dina h\u00e4nder mot kyla och ventilerar kroppsv\u00e4rme f\u00f6r b\u00e4sta komfort. Slitstarkt och l\u00e4ttsk\u00f6tt syntetl\u00e4der i innerhanden medf\u00f6r en god k\u00e4nsla mot staven. Justerbar mudd med robust rem av bekv\u00e4m och isolerande Neoprene.<\/p>\n","protected":false},"excerpt":{"rendered":"<p>Bra passform f\u00f6r den lite bredare handen. Handsken har en ovansida i vindt\u00e4t textil och ett slitstarkt samt l\u00e4ttsk\u00f6tt innerhandmaterial i syntetl\u00e4der.<\/p>\n","protected":false},"featured_media":3346,"template":"","meta":{"_acf_changed":false},"pwb-brand":[258],"product_brand":[],"product_cat":[238,406],"product_tag":[],"class_list":{"0":"post-1589","1":"product","2":"type-product","3":"status-publish","4":"has-post-thumbnail","6":"pwb-brand-lillsport","7":"product_cat-cross-country-ski-gloves","8":"product_cat-race-and-training","9":"pa_farg-black","10":"pa_foder-ofodrad","11":"pa_komposition-clarino","12":"pa_komposition-vind-och-vattenavvisande-3-lagerstextil","13":"pa_material-syntet","14":"pa_mudd-neoprene-med-justerbar-kardborre","15":"pa_passform-standard","16":"pa_storlek-279","17":"pa_storlek-280","18":"pa_storlek-281","19":"pa_storlek-261","20":"pa_storlek-269","21":"pa_storlek-276","22":"pa_storlek-277","23":"pa_storlek-278","24":"pa_typ-fingerhandske","26":"first","27":"instock","28":"taxable","29":"shipping-taxable","30":"product-type-variable"},"acf":[],"kroconnect":{"tax_rate":25,"price_inc_vat":{"regular_price":599},"price_ex_vat":{"regular_price":479.2}},"brands":[{"id":258,"name":"Lillsport","slug":"lillsport"}],"_links":{"self":[{"href":"https:\/\/lillsport.com\/sv\/wp-json\/wp\/v2\/product\/1589","targetHints":{"allow":["GET"]}}],"collection":[{"href":"https:\/\/lillsport.com\/sv\/wp-json\/wp\/v2\/product"}],"about":[{"href":"https:\/\/lillsport.com\/sv\/wp-json\/wp\/v2\/types\/product"}],"wp:featuredmedia":[{"embeddable":true,"href":"https:\/\/lillsport.com\/sv\/wp-json\/wp\/v2\/media\/3346"}],"wp:attachment":[{"href":"https:\/\/lillsport.com\/sv\/wp-json\/wp\/v2\/media?parent=1589"}],"wp:term":[{"taxonomy":"pwb-brand","embeddable":true,"href":"https:\/\/lillsport.com\/sv\/wp-json\/wp\/v2\/pwb-brand?post=1589"},{"taxonomy":"product_brand","embeddable":true,"href":"https:\/\/lillsport.com\/sv\/wp-json\/wp\/v2\/product_brand?post=1589"},{"taxonomy":"product_cat","embeddable":true,"href":"https:\/\/lillsport.com\/sv\/wp-json\/wp\/v2\/product_cat?post=1589"},{"taxonomy":"product_tag","embeddable":true,"href":"https:\/\/lillsport.com\/sv\/wp-json\/wp\/v2\/product_tag?post=1589"}],"curies":[{"name":"wp","href":"https:\/\/api.w.org\/{rel}","templated":true}]}}