{"id":1733,"date":"2021-11-23T23:21:12","date_gmt":"2021-11-23T22:21:12","guid":{"rendered":"https:\/\/lillsport.advanttest.se\/product\/ratio-gold-0412\/"},"modified":"2026-04-17T10:15:26","modified_gmt":"2026-04-17T08:15:26","slug":"ratio-gold-0412","status":"publish","type":"product","link":"https:\/\/lillsport.com\/sv\/produkt\/ratio-gold-0412\/","title":{"rendered":"Ratio Gold &#8211; 0412"},"content":{"rendered":"<p>Fodrad och vindavvisande race-handske med innerhand av l\u00e4der anpassad f\u00f6r medelh\u00f6g till h\u00f6g intensitet vid kallare temperaturer. Ovanhand och fingerband best\u00e5r av vindavvisande textil med god andningsf\u00f6rm\u00e5ga som skyddar dina h\u00e4nder mot kyla och ventilerar kroppsv\u00e4rme f\u00f6r b\u00e4sta komfort. Slitstarkt och f\u00f6ljsamt l\u00e4der i innerhanden medf\u00f6r oslagbar passform och k\u00e4nsla mot staven. Handsken har \u00e4ven ett v\u00e4rmande och formsytt foder med minimalt antal s\u00f6mmar f\u00f6r att handsken ska vara s\u00e5 bekv\u00e4m som m\u00f6jligt under stavremmen. Justerbar mudd med robust rem av bekv\u00e4m och isolerande neoprene. Ergonomisk konstruktion med f\u00f6rb\u00f6jda fingrar skapar en smidig k\u00e4nsla och naturlig h\u00e5llning f\u00f6r din hand under skidturen.<\/p>\n","protected":false},"excerpt":{"rendered":"<p>Fodrad och vindavvisande race-handske med innerhand av l\u00e4der anpassad f\u00f6r medelh\u00f6g till h\u00f6g intensitet vid kallare temperaturer<\/p>\n","protected":false},"featured_media":3482,"template":"","meta":{"_acf_changed":false},"pwb-brand":[258],"product_brand":[],"product_cat":[238,406],"product_tag":[],"class_list":{"0":"post-1733","1":"product","2":"type-product","3":"status-publish","4":"has-post-thumbnail","6":"pwb-brand-lillsport","7":"product_cat-cross-country-ski-gloves","8":"product_cat-race-and-training","9":"pa_farg-black","10":"pa_foder-fodrad","11":"pa_komposition-lader-fran-harfar","12":"pa_komposition-vind-och-vattenavvisande-3-lagerstextil","13":"pa_material-lader","14":"pa_mudd-neoprene-jersey","15":"pa_passform-standard","16":"pa_storlek-279","17":"pa_storlek-280","18":"pa_storlek-281","19":"pa_storlek-261","20":"pa_storlek-269","21":"pa_storlek-276","22":"pa_storlek-277","23":"pa_storlek-278","24":"pa_typ-fingerhandske","26":"first","27":"instock","28":"taxable","29":"shipping-taxable","30":"product-type-variable"},"acf":[],"kroconnect":{"tax_rate":25,"price_inc_vat":{"regular_price":899},"price_ex_vat":{"regular_price":719.2}},"brands":[{"id":258,"name":"Lillsport","slug":"lillsport"}],"_links":{"self":[{"href":"https:\/\/lillsport.com\/sv\/wp-json\/wp\/v2\/product\/1733","targetHints":{"allow":["GET"]}}],"collection":[{"href":"https:\/\/lillsport.com\/sv\/wp-json\/wp\/v2\/product"}],"about":[{"href":"https:\/\/lillsport.com\/sv\/wp-json\/wp\/v2\/types\/product"}],"wp:featuredmedia":[{"embeddable":true,"href":"https:\/\/lillsport.com\/sv\/wp-json\/wp\/v2\/media\/3482"}],"wp:attachment":[{"href":"https:\/\/lillsport.com\/sv\/wp-json\/wp\/v2\/media?parent=1733"}],"wp:term":[{"taxonomy":"pwb-brand","embeddable":true,"href":"https:\/\/lillsport.com\/sv\/wp-json\/wp\/v2\/pwb-brand?post=1733"},{"taxonomy":"product_brand","embeddable":true,"href":"https:\/\/lillsport.com\/sv\/wp-json\/wp\/v2\/product_brand?post=1733"},{"taxonomy":"product_cat","embeddable":true,"href":"https:\/\/lillsport.com\/sv\/wp-json\/wp\/v2\/product_cat?post=1733"},{"taxonomy":"product_tag","embeddable":true,"href":"https:\/\/lillsport.com\/sv\/wp-json\/wp\/v2\/product_tag?post=1733"}],"curies":[{"name":"wp","href":"https:\/\/api.w.org\/{rel}","templated":true}]}}