{"id":1783,"date":"2021-11-23T23:22:01","date_gmt":"2021-11-23T22:22:01","guid":{"rendered":"https:\/\/lillsport.advanttest.se\/product\/coach-jr-0501\/"},"modified":"2026-04-17T11:00:51","modified_gmt":"2026-04-17T09:00:51","slug":"coach-jr-0501","status":"publish","type":"product","link":"https:\/\/lillsport.com\/sv\/produkt\/coach-jr-0501\/","title":{"rendered":"Protos Jr &#8211; 0508"},"content":{"rendered":"<p>Protos Jr. \u00e4r en fodrad juniorhandske med en ovansida i vindt\u00e4t, 3-lagerstextil med goda andningsegenskaper. lnnerhanden best\u00e5r av slitstarkt syntetl\u00e4der. Handsken har \u00e4ven ett foder i micro-fleece som g\u00f6r denna handske l\u00e4mplig n\u00e4r det \u00e4r kallt ute. Speciellt utvecklad f\u00f6r att passa barnens mindre och bredare h\u00e4nder under l\u00e4ngdskid\u00e5kning.<\/p>\n","protected":false},"excerpt":{"rendered":"<p>Fodrad fingerhandske anpassad f\u00f6r barnhanden. Ovansidan av handsken best\u00e5r av vindt\u00e4t textil och innerhanden av slitstarkt och l\u00e4ttsk\u00f6tt syntetl\u00e4der.<\/p>\n","protected":false},"featured_media":3253,"template":"","meta":{"_acf_changed":false},"pwb-brand":[258],"product_brand":[],"product_cat":[319],"product_tag":[],"class_list":{"0":"post-1783","1":"product","2":"type-product","3":"status-publish","4":"has-post-thumbnail","6":"pwb-brand-lillsport","7":"product_cat-junior","8":"pa_farg-mint","9":"pa_farg-black","10":"pa_foder-fodrad","11":"pa_komposition-clarino","12":"pa_komposition-vindavvisande-3-lagerstextil","13":"pa_material-syntet","14":"pa_passform-junior","15":"pa_storlek-318","16":"pa_storlek-320","17":"pa_storlek-261","18":"pa_storlek-269","19":"pa_typ-fingerhandske","21":"first","22":"instock","23":"taxable","24":"shipping-taxable","25":"product-type-variable"},"acf":[],"kroconnect":{"tax_rate":25,"price_inc_vat":{"regular_price":349},"price_ex_vat":{"regular_price":279.2}},"brands":[{"id":258,"name":"Lillsport","slug":"lillsport"}],"_links":{"self":[{"href":"https:\/\/lillsport.com\/sv\/wp-json\/wp\/v2\/product\/1783","targetHints":{"allow":["GET"]}}],"collection":[{"href":"https:\/\/lillsport.com\/sv\/wp-json\/wp\/v2\/product"}],"about":[{"href":"https:\/\/lillsport.com\/sv\/wp-json\/wp\/v2\/types\/product"}],"wp:featuredmedia":[{"embeddable":true,"href":"https:\/\/lillsport.com\/sv\/wp-json\/wp\/v2\/media\/3253"}],"wp:attachment":[{"href":"https:\/\/lillsport.com\/sv\/wp-json\/wp\/v2\/media?parent=1783"}],"wp:term":[{"taxonomy":"pwb-brand","embeddable":true,"href":"https:\/\/lillsport.com\/sv\/wp-json\/wp\/v2\/pwb-brand?post=1783"},{"taxonomy":"product_brand","embeddable":true,"href":"https:\/\/lillsport.com\/sv\/wp-json\/wp\/v2\/product_brand?post=1783"},{"taxonomy":"product_cat","embeddable":true,"href":"https:\/\/lillsport.com\/sv\/wp-json\/wp\/v2\/product_cat?post=1783"},{"taxonomy":"product_tag","embeddable":true,"href":"https:\/\/lillsport.com\/sv\/wp-json\/wp\/v2\/product_tag?post=1783"}],"curies":[{"name":"wp","href":"https:\/\/api.w.org\/{rel}","templated":true}]}}