{"id":1793,"date":"2021-11-23T23:22:01","date_gmt":"2021-11-23T22:22:01","guid":{"rendered":"https:\/\/lillsport.advanttest.se\/product\/lobster-jr-0503\/"},"modified":"2026-04-16T11:46:28","modified_gmt":"2026-04-16T09:46:28","slug":"lobster-jr-0503","status":"publish","type":"product","link":"https:\/\/lillsport.com\/sv\/produkt\/lobster-jr-0503\/","title":{"rendered":"Lobster Jr &#8211; 0503"},"content":{"rendered":"<p>Lobster Jr. ger lite mer r\u00f6rlighet \u00e4n en tumvante men beh\u00e5ller v\u00e4rmen som en tumvante. Handsken har en ovansida i vindt\u00e4t, 3-lagerstextil med goda andningsegenskaper. lnnerhanden best\u00e5r av slitstarkt syntetl\u00e4der fr\u00e5n Clarino\u00ae. Handsken har \u00e4ven ett foder i micro-fleece som g\u00f6r denna handske l\u00e4mplig n\u00e4r det \u00e4r extra kallt ute. Speciellt utvecklad f\u00f6r att passa barnens mindre och bredare h\u00e4nder under l\u00e4ngdskid\u00e5kning.<\/p>\n","protected":false},"excerpt":{"rendered":"<p>Fodrad tumvante i lobstermodell. Ovansidan av handsken best\u00e5r av vindt\u00e4t textil och innerhand av syntetl\u00e4der<\/p>\n","protected":false},"featured_media":3514,"template":"","meta":{"_acf_changed":false},"pwb-brand":[258],"product_brand":[],"product_cat":[319],"product_tag":[],"class_list":{"0":"post-1793","1":"product","2":"type-product","3":"status-publish","4":"has-post-thumbnail","6":"pwb-brand-lillsport","7":"product_cat-junior","8":"pa_farg-gron","9":"pa_foder-fodrad","10":"pa_komposition-clarino","11":"pa_komposition-vindavvisande-3-lagerstextil","12":"pa_material-syntet","13":"pa_passform-junior","14":"pa_storlek-318","15":"pa_storlek-320","16":"pa_storlek-261","17":"pa_storlek-269","18":"pa_typ-lobster","20":"first","21":"instock","22":"taxable","23":"shipping-taxable","24":"product-type-variable"},"acf":[],"kroconnect":{"tax_rate":25,"price_inc_vat":{"regular_price":349},"price_ex_vat":{"regular_price":279.2}},"brands":[{"id":258,"name":"Lillsport","slug":"lillsport"}],"_links":{"self":[{"href":"https:\/\/lillsport.com\/sv\/wp-json\/wp\/v2\/product\/1793","targetHints":{"allow":["GET"]}}],"collection":[{"href":"https:\/\/lillsport.com\/sv\/wp-json\/wp\/v2\/product"}],"about":[{"href":"https:\/\/lillsport.com\/sv\/wp-json\/wp\/v2\/types\/product"}],"wp:featuredmedia":[{"embeddable":true,"href":"https:\/\/lillsport.com\/sv\/wp-json\/wp\/v2\/media\/3514"}],"wp:attachment":[{"href":"https:\/\/lillsport.com\/sv\/wp-json\/wp\/v2\/media?parent=1793"}],"wp:term":[{"taxonomy":"pwb-brand","embeddable":true,"href":"https:\/\/lillsport.com\/sv\/wp-json\/wp\/v2\/pwb-brand?post=1793"},{"taxonomy":"product_brand","embeddable":true,"href":"https:\/\/lillsport.com\/sv\/wp-json\/wp\/v2\/product_brand?post=1793"},{"taxonomy":"product_cat","embeddable":true,"href":"https:\/\/lillsport.com\/sv\/wp-json\/wp\/v2\/product_cat?post=1793"},{"taxonomy":"product_tag","embeddable":true,"href":"https:\/\/lillsport.com\/sv\/wp-json\/wp\/v2\/product_tag?post=1793"}],"curies":[{"name":"wp","href":"https:\/\/api.w.org\/{rel}","templated":true}]}}