{"id":1802,"date":"2021-11-23T23:22:19","date_gmt":"2021-11-23T22:22:19","guid":{"rendered":"https:\/\/lillsport.advanttest.se\/product\/sapporo-jr-0505\/"},"modified":"2026-02-24T17:02:32","modified_gmt":"2026-02-24T16:02:32","slug":"stinasapporomitt-jr-0506","status":"publish","type":"product","link":"https:\/\/lillsport.com\/sv\/produkt\/stinasapporomitt-jr-0506\/","title":{"rendered":"Stina Sapporo Mitt Jr &#8211; 0506"},"content":{"rendered":"<p>Stina Sapporo Mitt Jr. \u00e4r en smidig juniorvante med en ovansida i vind- och vattenavvisande 3-lagerstextil. lnnerhanden best\u00e5r av slitstarkt syntetl\u00e4der fr\u00e5n Clarino\u00ae. Speciellt utvecklad f\u00f6r att passa barnens mindre och bredare h\u00e4nder under l\u00e4ngdskid\u00e5kning.<\/p>\n","protected":false},"excerpt":{"rendered":"<p>Ofodrad juniorhandske med en ovansida i vind- och vattenavvisande 3-lagerstextil och innerhand i syntetl\u00e4der.<\/p>\n","protected":false},"featured_media":3795,"template":"","meta":{"_acf_changed":false},"pwb-brand":[258],"product_brand":[],"product_cat":[319],"product_tag":[],"class_list":{"0":"post-1802","1":"product","2":"type-product","3":"status-publish","4":"has-post-thumbnail","6":"pwb-brand-lillsport","7":"product_cat-junior","8":"pa_farg-lion","9":"pa_foder-ofodrad","10":"pa_komposition-clarino","11":"pa_komposition-vind-och-vattenavvisande-3-lagerstextil","12":"pa_material-syntet","13":"pa_mudd-elastisk-mudd-i-neopren","14":"pa_passform-junior","15":"pa_storlek-318","16":"pa_storlek-320","17":"pa_storlek-261","18":"pa_storlek-269","19":"pa_typ-tumvante","21":"first","22":"instock","23":"taxable","24":"shipping-taxable","25":"product-type-variable"},"acf":[],"kroconnect":{"tax_rate":25,"price_inc_vat":{"regular_price":449},"price_ex_vat":{"regular_price":359.2}},"brands":[{"id":258,"name":"Lillsport","slug":"lillsport"}],"_links":{"self":[{"href":"https:\/\/lillsport.com\/sv\/wp-json\/wp\/v2\/product\/1802","targetHints":{"allow":["GET"]}}],"collection":[{"href":"https:\/\/lillsport.com\/sv\/wp-json\/wp\/v2\/product"}],"about":[{"href":"https:\/\/lillsport.com\/sv\/wp-json\/wp\/v2\/types\/product"}],"wp:featuredmedia":[{"embeddable":true,"href":"https:\/\/lillsport.com\/sv\/wp-json\/wp\/v2\/media\/3795"}],"wp:attachment":[{"href":"https:\/\/lillsport.com\/sv\/wp-json\/wp\/v2\/media?parent=1802"}],"wp:term":[{"taxonomy":"pwb-brand","embeddable":true,"href":"https:\/\/lillsport.com\/sv\/wp-json\/wp\/v2\/pwb-brand?post=1802"},{"taxonomy":"product_brand","embeddable":true,"href":"https:\/\/lillsport.com\/sv\/wp-json\/wp\/v2\/product_brand?post=1802"},{"taxonomy":"product_cat","embeddable":true,"href":"https:\/\/lillsport.com\/sv\/wp-json\/wp\/v2\/product_cat?post=1802"},{"taxonomy":"product_tag","embeddable":true,"href":"https:\/\/lillsport.com\/sv\/wp-json\/wp\/v2\/product_tag?post=1802"}],"curies":[{"name":"wp","href":"https:\/\/api.w.org\/{rel}","templated":true}]}}