{"id":1811,"date":"2021-11-23T23:22:19","date_gmt":"2021-11-23T22:22:19","guid":{"rendered":"https:\/\/lillsport.advanttest.se\/product\/sapporo-mitt-jr-0506\/"},"modified":"2026-04-17T07:46:18","modified_gmt":"2026-04-17T05:46:18","slug":"sapporo-mitt-jr-0506","status":"publish","type":"product","link":"https:\/\/lillsport.com\/sv\/produkt\/sapporo-mitt-jr-0506\/","title":{"rendered":"Protos Lobster Jr &#8211; 0510"},"content":{"rendered":"<p>Protos Lobster Jr. ger lite mer r\u00f6rlighet \u00e4n en tumvante men beh\u00e5ller v\u00e4rmen som en tumvante. Handsken har en ovansida i vindt\u00e4t, 3-lagerstextil med goda andningsegenskaper. lnnerhanden best\u00e5r av slitstarkt syntetl\u00e4der. Handsken har \u00e4ven ett foder i micro-fleece som g\u00f6r denna handske l\u00e4mplig n\u00e4r det \u00e4r extra kallt ute. Speciellt utvecklad f\u00f6r att passa barnens mindre och bredare h\u00e4nder under l\u00e4ngdskid\u00e5kning.<\/p>\n","protected":false},"excerpt":{"rendered":"<p>Fodrad tumvante anpassad f\u00f6r barnhanden. Ovansidan av handsken best\u00e5r av vind- och vattenavvisande 3-lagerstextil och innerhanden av slitstarkt och l\u00e4ttsk\u00f6tt syntetl\u00e4der.<\/p>\n","protected":false},"featured_media":3258,"template":"","meta":{"_acf_changed":false},"pwb-brand":[258],"product_brand":[],"product_cat":[319],"product_tag":[],"class_list":{"0":"post-1811","1":"product","2":"type-product","3":"status-publish","4":"has-post-thumbnail","6":"pwb-brand-lillsport","7":"product_cat-junior","8":"pa_farg-mint","9":"pa_farg-black","10":"pa_foder-fodrad","11":"pa_komposition-clarino","12":"pa_komposition-vind-och-vattenavvisande-3-lagerstextil","13":"pa_material-syntet","14":"pa_mudd-elastisk-mudd-i-neopren","15":"pa_passform-junior","16":"pa_storlek-318","17":"pa_storlek-320","18":"pa_storlek-261","19":"pa_storlek-269","20":"pa_typ-fingerhandske","22":"first","23":"instock","24":"taxable","25":"shipping-taxable","26":"product-type-variable"},"acf":[],"kroconnect":{"tax_rate":25,"price_inc_vat":{"regular_price":349},"price_ex_vat":{"regular_price":279.2}},"brands":[{"id":258,"name":"Lillsport","slug":"lillsport"}],"_links":{"self":[{"href":"https:\/\/lillsport.com\/sv\/wp-json\/wp\/v2\/product\/1811","targetHints":{"allow":["GET"]}}],"collection":[{"href":"https:\/\/lillsport.com\/sv\/wp-json\/wp\/v2\/product"}],"about":[{"href":"https:\/\/lillsport.com\/sv\/wp-json\/wp\/v2\/types\/product"}],"wp:featuredmedia":[{"embeddable":true,"href":"https:\/\/lillsport.com\/sv\/wp-json\/wp\/v2\/media\/3258"}],"wp:attachment":[{"href":"https:\/\/lillsport.com\/sv\/wp-json\/wp\/v2\/media?parent=1811"}],"wp:term":[{"taxonomy":"pwb-brand","embeddable":true,"href":"https:\/\/lillsport.com\/sv\/wp-json\/wp\/v2\/pwb-brand?post=1811"},{"taxonomy":"product_brand","embeddable":true,"href":"https:\/\/lillsport.com\/sv\/wp-json\/wp\/v2\/product_brand?post=1811"},{"taxonomy":"product_cat","embeddable":true,"href":"https:\/\/lillsport.com\/sv\/wp-json\/wp\/v2\/product_cat?post=1811"},{"taxonomy":"product_tag","embeddable":true,"href":"https:\/\/lillsport.com\/sv\/wp-json\/wp\/v2\/product_tag?post=1811"}],"curies":[{"name":"wp","href":"https:\/\/api.w.org\/{rel}","templated":true}]}}