{"id":1842,"date":"2021-11-23T23:22:45","date_gmt":"2021-11-23T22:22:45","guid":{"rendered":"https:\/\/lillsport.advanttest.se\/product\/headmark-winter-force-mitt-shell-0607\/"},"modified":"2026-01-14T14:46:02","modified_gmt":"2026-01-14T13:46:02","slug":"headmark-winter-force-mitt-shell-0607","status":"publish","type":"product","link":"https:\/\/lillsport.com\/sv\/produkt\/headmark-winter-force-mitt-shell-0607\/","title":{"rendered":"Hedmark Winter Force Mitt Shell &#8211; 0607"},"content":{"rendered":"<p>Hedmark Mitt Shell \u00e4r ett robust skal som utvecklats tillsammans med den Norska F\u00f6rsvarsmakten och skyddar mot vind, vatten och kyla. Ovandelen \u00e4r tillverkad av slitstarkt, vattent\u00e4tt och vindt\u00e4tt Cordura-v\u00e4v. Handflatan \u00e4r gjord av vattenavvisande getl\u00e4der. Funktionell och robust \u00e5tstramning vid handleden och enkel enhands-justering i kragen f\u00f6r att h\u00e5lla ute sn\u00f6.<\/p>\n<p>Separat ull-foder:\u00a0 <strong><a href=\"https:\/\/lillsport.com\/produkt\/liners\/hedmark-wool-mitt-0632\/\">Hedmark Wool Mitt <\/a><\/strong><\/p>\n<p>Komplett set: <strong><a href=\"https:\/\/lillsport.com\/produkt\/outdoor\/hedmark-winter-force-mitt-0604\/\">Hedmark Winter Force Mitt\u00a0<\/a><\/strong><\/p>\n","protected":false},"excerpt":{"rendered":"<p>Robust och slitstarkt ytterskal utvecklat tillsammans med Norska F\u00f6rsvarsmakten.<\/p>\n","protected":false},"featured_media":3711,"template":"","meta":{"_acf_changed":false},"pwb-brand":[258],"product_brand":[],"product_cat":[242],"product_tag":[],"class_list":{"0":"post-1842","1":"product","2":"type-product","3":"status-publish","4":"has-post-thumbnail","6":"pwb-brand-lillsport","7":"product_cat-outdoor","8":"pa_farg-black","9":"pa_foder-ofodrad","10":"pa_komposition-66-pa-20-pu-14-pa-mesh","11":"pa_komposition-getlader","12":"pa_material-lader","13":"pa_passform-standard","14":"pa_storlek-l","15":"pa_storlek-m","16":"pa_storlek-s","17":"pa_storlek-xl","18":"pa_typ-tumvante","20":"first","21":"outofstock","22":"taxable","23":"shipping-taxable","24":"product-type-variable"},"acf":[],"kroconnect":{"tax_rate":25,"price_inc_vat":{"regular_price":900},"price_ex_vat":{"regular_price":720}},"brands":[{"id":258,"name":"Lillsport","slug":"lillsport"}],"_links":{"self":[{"href":"https:\/\/lillsport.com\/sv\/wp-json\/wp\/v2\/product\/1842","targetHints":{"allow":["GET"]}}],"collection":[{"href":"https:\/\/lillsport.com\/sv\/wp-json\/wp\/v2\/product"}],"about":[{"href":"https:\/\/lillsport.com\/sv\/wp-json\/wp\/v2\/types\/product"}],"wp:featuredmedia":[{"embeddable":true,"href":"https:\/\/lillsport.com\/sv\/wp-json\/wp\/v2\/media\/3711"}],"wp:attachment":[{"href":"https:\/\/lillsport.com\/sv\/wp-json\/wp\/v2\/media?parent=1842"}],"wp:term":[{"taxonomy":"pwb-brand","embeddable":true,"href":"https:\/\/lillsport.com\/sv\/wp-json\/wp\/v2\/pwb-brand?post=1842"},{"taxonomy":"product_brand","embeddable":true,"href":"https:\/\/lillsport.com\/sv\/wp-json\/wp\/v2\/product_brand?post=1842"},{"taxonomy":"product_cat","embeddable":true,"href":"https:\/\/lillsport.com\/sv\/wp-json\/wp\/v2\/product_cat?post=1842"},{"taxonomy":"product_tag","embeddable":true,"href":"https:\/\/lillsport.com\/sv\/wp-json\/wp\/v2\/product_tag?post=1842"}],"curies":[{"name":"wp","href":"https:\/\/api.w.org\/{rel}","templated":true}]}}