{"id":1855,"date":"2021-11-23T23:23:01","date_gmt":"2021-11-23T22:23:01","guid":{"rendered":"https:\/\/lillsport.advanttest.se\/product\/castor-0609\/"},"modified":"2026-04-16T12:45:11","modified_gmt":"2026-04-16T10:45:11","slug":"castor-0609","status":"publish","type":"product","link":"https:\/\/lillsport.com\/sv\/produkt\/castor-0609\/","title":{"rendered":"Castor Race &#8211; 0609"},"content":{"rendered":"<p>Ofodrad och vindavvisande race\/motions-handske i basutf\u00f6rande anpassad f\u00f6r medelh\u00f6g till h\u00f6g intensitet. Ovanhanden best\u00e5r av vindavvisande textil med god andningsf\u00f6rm\u00e5ga som skyddar dina h\u00e4nder mot kyla och ventilerar kroppsv\u00e4rme f\u00f6r b\u00e4sta komfort. Slitstarkt och l\u00e4ttsk\u00f6tt syntetl\u00e4der i innerhanden medf\u00f6r en god k\u00e4nsla mot staven. \u00d6ppen, traditionell mudd g\u00f6r att handsken \u00e4r extra l\u00e4tt att ta p\u00e5 och av. Reflektiv logo p\u00e5 ovanhanden f\u00f6r b\u00e4ttre synlighet i m\u00f6rker.<\/p>\n","protected":false},"excerpt":{"rendered":"<p>Ofodrad handske i neutral design. Perfekt f\u00f6r b\u00e5de skidsp\u00e5ret och \u00e4ven andra vardagliga aktiviteter! Innerhand i slitstarkt syntetl\u00e4der med vindt\u00e4tt och vattenavvisande material p\u00e5 och mellan fingrana.<\/p>\n","protected":false},"featured_media":3533,"template":"","meta":{"_acf_changed":false},"pwb-brand":[258],"product_brand":[],"product_cat":[407,238],"product_tag":[],"class_list":{"0":"post-1855","1":"product","2":"type-product","3":"status-publish","4":"has-post-thumbnail","6":"pwb-brand-lillsport","7":"product_cat-basic-race-and-training","8":"product_cat-cross-country-ski-gloves","9":"pa_farg-black","10":"pa_foder-ofodrad","11":"pa_komposition-syntetlader","12":"pa_komposition-vind-och-vattenavvisande-3-lagerstextil","13":"pa_material-syntet","14":"pa_mudd-elastisk-mudd-i-neopren","15":"pa_passform-standard","16":"pa_storlek-279","17":"pa_storlek-280","18":"pa_storlek-281","19":"pa_storlek-261","20":"pa_storlek-269","21":"pa_storlek-276","22":"pa_storlek-277","23":"pa_storlek-278","24":"pa_typ-fingerhandske","26":"first","27":"instock","28":"taxable","29":"shipping-taxable","30":"product-type-variable"},"acf":[],"kroconnect":{"tax_rate":25,"price_inc_vat":{"regular_price":449},"price_ex_vat":{"regular_price":359.2}},"brands":[{"id":258,"name":"Lillsport","slug":"lillsport"}],"_links":{"self":[{"href":"https:\/\/lillsport.com\/sv\/wp-json\/wp\/v2\/product\/1855","targetHints":{"allow":["GET"]}}],"collection":[{"href":"https:\/\/lillsport.com\/sv\/wp-json\/wp\/v2\/product"}],"about":[{"href":"https:\/\/lillsport.com\/sv\/wp-json\/wp\/v2\/types\/product"}],"wp:featuredmedia":[{"embeddable":true,"href":"https:\/\/lillsport.com\/sv\/wp-json\/wp\/v2\/media\/3533"}],"wp:attachment":[{"href":"https:\/\/lillsport.com\/sv\/wp-json\/wp\/v2\/media?parent=1855"}],"wp:term":[{"taxonomy":"pwb-brand","embeddable":true,"href":"https:\/\/lillsport.com\/sv\/wp-json\/wp\/v2\/pwb-brand?post=1855"},{"taxonomy":"product_brand","embeddable":true,"href":"https:\/\/lillsport.com\/sv\/wp-json\/wp\/v2\/product_brand?post=1855"},{"taxonomy":"product_cat","embeddable":true,"href":"https:\/\/lillsport.com\/sv\/wp-json\/wp\/v2\/product_cat?post=1855"},{"taxonomy":"product_tag","embeddable":true,"href":"https:\/\/lillsport.com\/sv\/wp-json\/wp\/v2\/product_tag?post=1855"}],"curies":[{"name":"wp","href":"https:\/\/api.w.org\/{rel}","templated":true}]}}