{"id":1879,"date":"2021-11-23T23:23:16","date_gmt":"2021-11-23T22:23:16","guid":{"rendered":"https:\/\/lillsport.advanttest.se\/product\/biathlon-mitt-0612\/"},"modified":"2026-04-17T07:46:16","modified_gmt":"2026-04-17T05:46:16","slug":"biathlon-mitt-0612","status":"publish","type":"product","link":"https:\/\/lillsport.com\/sv\/produkt\/biathlon-mitt-0612\/","title":{"rendered":"Biathlon Mitt &#8211; 0612"},"content":{"rendered":"<p>\u00d6verdragsvante att anv\u00e4nda som ett tunt, extra lager \u00f6ver befintlig skidhandske med \u00f6ppning f\u00f6r fingrarna vilket g\u00f6r den extra l\u00e4mplig f\u00f6r skidskytte. Ovanhand best\u00e5r av vindavvisande textil med god andningsf\u00f6rm\u00e5ga som skyddar dina h\u00e4nder mot kyla och ventilerar kroppsv\u00e4rme f\u00f6r b\u00e4sta komfort. Slitstarkt och l\u00e4ttsk\u00f6tt syntetl\u00e4der i innerhanden.<\/p>\n","protected":false},"excerpt":{"rendered":"<p>Biathlon Mitt \u00e4r perfekt f\u00f6r skidskyttar med sin \u00f6ppning f\u00f6r fingrarna. Anv\u00e4nds \u00f6ver en befintlig skidhandske.<\/p>\n","protected":false},"featured_media":3554,"template":"","meta":{"_acf_changed":false},"pwb-brand":[258],"product_brand":[],"product_cat":[238],"product_tag":[],"class_list":{"0":"post-1879","1":"product","2":"type-product","3":"status-publish","4":"has-post-thumbnail","6":"pwb-brand-lillsport","7":"product_cat-cross-country-ski-gloves","8":"pa_farg-black","9":"pa_foder-ofodrad","10":"pa_komposition-syntetlader","11":"pa_komposition-vind-och-vattenavvisande-3-lagerstextil","12":"pa_material-syntet","13":"pa_passform-standard","14":"pa_storlek-l","15":"pa_storlek-m","16":"pa_storlek-s","17":"pa_storlek-xl","18":"pa_storlek-xs","19":"pa_typ-overdragsvante","21":"first","22":"instock","23":"taxable","24":"shipping-taxable","25":"product-type-variable"},"acf":[],"kroconnect":{"tax_rate":25,"price_inc_vat":{"regular_price":399},"price_ex_vat":{"regular_price":319.2}},"brands":[{"id":258,"name":"Lillsport","slug":"lillsport"}],"_links":{"self":[{"href":"https:\/\/lillsport.com\/sv\/wp-json\/wp\/v2\/product\/1879","targetHints":{"allow":["GET"]}}],"collection":[{"href":"https:\/\/lillsport.com\/sv\/wp-json\/wp\/v2\/product"}],"about":[{"href":"https:\/\/lillsport.com\/sv\/wp-json\/wp\/v2\/types\/product"}],"wp:featuredmedia":[{"embeddable":true,"href":"https:\/\/lillsport.com\/sv\/wp-json\/wp\/v2\/media\/3554"}],"wp:attachment":[{"href":"https:\/\/lillsport.com\/sv\/wp-json\/wp\/v2\/media?parent=1879"}],"wp:term":[{"taxonomy":"pwb-brand","embeddable":true,"href":"https:\/\/lillsport.com\/sv\/wp-json\/wp\/v2\/pwb-brand?post=1879"},{"taxonomy":"product_brand","embeddable":true,"href":"https:\/\/lillsport.com\/sv\/wp-json\/wp\/v2\/product_brand?post=1879"},{"taxonomy":"product_cat","embeddable":true,"href":"https:\/\/lillsport.com\/sv\/wp-json\/wp\/v2\/product_cat?post=1879"},{"taxonomy":"product_tag","embeddable":true,"href":"https:\/\/lillsport.com\/sv\/wp-json\/wp\/v2\/product_tag?post=1879"}],"curies":[{"name":"wp","href":"https:\/\/api.w.org\/{rel}","templated":true}]}}