{"id":1907,"date":"2021-11-23T23:23:43","date_gmt":"2021-11-23T22:23:43","guid":{"rendered":"https:\/\/lillsport.advanttest.se\/product\/adventure-mitt-shell-0618\/"},"modified":"2026-03-03T15:45:38","modified_gmt":"2026-03-03T14:45:38","slug":"adventure-mitt-shell-0618","status":"publish","type":"product","link":"https:\/\/lillsport.com\/sv\/produkt\/adventure-mitt-shell-0618\/","title":{"rendered":"Adventure Mitt Shell &#8211; 0618"},"content":{"rendered":"<p data-start=\"117\" data-end=\"427\"><strong data-start=\"117\" data-end=\"141\">Adventure Mitt Shell<\/strong> \u00e4r ett m\u00e5ngsidigt och slitstarkt ytterhandskeskal, utvecklat f\u00f6r kr\u00e4vande f\u00f6rh\u00e5llanden. Adventure Mitt Shell anv\u00e4nds ofta tillsammans med <strong><a href=\"https:\/\/lillsport.com\/produkt\/liners\/wool-pile-0630\/\">Wool Pile &#8211; 0630<\/a><\/strong>, men fungerar lika bra \u00f6ver andra fingerhandskar, vilket g\u00f6r den till ett flexibelt val f\u00f6r b\u00e5de arbete och friluftsliv.<\/p>\n<p data-start=\"429\" data-end=\"721\">Ovansidan i <strong data-start=\"441\" data-end=\"463\">impregnerad canvas<\/strong> skyddar effektivt mot vind, sn\u00f6 och fukt, medan innerhanden i <strong data-start=\"526\" data-end=\"549\">slitstarkt getl\u00e4der<\/strong> ger utm\u00e4rkt grepp och l\u00e5ng livsl\u00e4ngd. Det <strong data-start=\"592\" data-end=\"617\">stadiga handledsl\u00e5set<\/strong> ser till att Adventure Mitt Shell sitter s\u00e4kert p\u00e5 plats och minimerar v\u00e4rmef\u00f6rlust \u00e4ven i kallt v\u00e4der.<\/p>\n<p data-start=\"723\" data-end=\"937\">Adventure Mitt Shell \u00e4r ett p\u00e5litligt val f\u00f6r dig som s\u00f6ker en handske med fokus p\u00e5 h\u00e5llbarhet, funktion och anpassningsbarhet \u2013 perfekt som ytterskal i lager-p\u00e5-lager-system f\u00f6r kalla och tuffa milj\u00f6er.<\/p>\n<p>Separat foder:\u00a0 <strong><a href=\"https:\/\/lillsport.com\/produkt\/liners\/wool-pile-0630\/\">Wool Pile &#8211; 0630<\/a><\/strong><\/p>\n<p>Komplett set: <strong><a href=\"https:\/\/lillsport.com\/produkt\/outdoor\/adventure-mitt-set-0616\/\">Adventure Mitt Set &#8211; 0616<\/a><\/strong><\/p>\n","protected":false},"excerpt":{"rendered":"<p><strong data-start=\"132\" data-end=\"156\">Adventure Mitt Shell<\/strong> \u00e4r ett m\u00e5ngsidigt ytterskal f\u00f6r alla \u00e4ventyrare. Anv\u00e4nd tillsammans med foder eller \u00f6ver andra handskar. Tillverkad i slitstarkt l\u00e4der med handledsf\u00f6rslutning som effektivt st\u00e4nger sn\u00f6n ute.<\/p>\n","protected":false},"featured_media":3579,"template":"","meta":{"_acf_changed":false},"pwb-brand":[258],"product_brand":[],"product_cat":[242],"product_tag":[],"class_list":{"0":"post-1907","1":"product","2":"type-product","3":"status-publish","4":"has-post-thumbnail","6":"pwb-brand-lillsport","7":"product_cat-outdoor","8":"pa_farg-red","9":"pa_farg-black","10":"pa_foder-ofodrad","11":"pa_komposition-vattebavvisande-ocxh-slitstarkt-lader","12":"pa_komposition-vattenavvisande-canvas","13":"pa_material-lader","14":"pa_passform-slim","15":"pa_passform-standard","16":"pa_storlek-l","17":"pa_storlek-m","18":"pa_storlek-s","19":"pa_storlek-xl","20":"pa_storlek-xs","21":"pa_typ-tumvante","23":"first","24":"instock","25":"taxable","26":"shipping-taxable","27":"product-type-variable"},"acf":[],"kroconnect":{"tax_rate":25,"price_inc_vat":{"regular_price":499},"price_ex_vat":{"regular_price":399.2}},"brands":[{"id":258,"name":"Lillsport","slug":"lillsport"}],"_links":{"self":[{"href":"https:\/\/lillsport.com\/sv\/wp-json\/wp\/v2\/product\/1907","targetHints":{"allow":["GET"]}}],"collection":[{"href":"https:\/\/lillsport.com\/sv\/wp-json\/wp\/v2\/product"}],"about":[{"href":"https:\/\/lillsport.com\/sv\/wp-json\/wp\/v2\/types\/product"}],"wp:featuredmedia":[{"embeddable":true,"href":"https:\/\/lillsport.com\/sv\/wp-json\/wp\/v2\/media\/3579"}],"wp:attachment":[{"href":"https:\/\/lillsport.com\/sv\/wp-json\/wp\/v2\/media?parent=1907"}],"wp:term":[{"taxonomy":"pwb-brand","embeddable":true,"href":"https:\/\/lillsport.com\/sv\/wp-json\/wp\/v2\/pwb-brand?post=1907"},{"taxonomy":"product_brand","embeddable":true,"href":"https:\/\/lillsport.com\/sv\/wp-json\/wp\/v2\/product_brand?post=1907"},{"taxonomy":"product_cat","embeddable":true,"href":"https:\/\/lillsport.com\/sv\/wp-json\/wp\/v2\/product_cat?post=1907"},{"taxonomy":"product_tag","embeddable":true,"href":"https:\/\/lillsport.com\/sv\/wp-json\/wp\/v2\/product_tag?post=1907"}],"curies":[{"name":"wp","href":"https:\/\/api.w.org\/{rel}","templated":true}]}}