{"id":1944,"date":"2021-11-23T23:24:14","date_gmt":"2021-11-23T22:24:14","guid":{"rendered":"https:\/\/lillsport.advanttest.se\/product\/hedmark-wool-mitt-0632\/"},"modified":"2026-04-14T14:16:05","modified_gmt":"2026-04-14T12:16:05","slug":"hedmark-wool-mitt-0632","status":"publish","type":"product","link":"https:\/\/lillsport.com\/sv\/produkt\/hedmark-wool-mitt-0632\/","title":{"rendered":"Hedmark Wool Mitt &#8211; 0632"},"content":{"rendered":"<p>Hedmark Wool Mitt \u00e4r ett tjockt, stickat ullfoder utvecklad tillsammans med Norges F\u00f6rsvarsmakt. Ullvanten anv\u00e4nds som ett isolerande och avtagbart andra lager under Hedmark Mitt. Fibrerna \u00e4r h\u00f6ga f\u00f6r att g\u00f6ra vanten luftig och d\u00e4rmed ge god isolering.<\/p>\n<p>Separat skal: <strong><a href=\"https:\/\/lillsport.com\/produkt\/outdoor\/headmark-winter-force-mitt-shell-0607\/\">Hedmark Winter Force Mitt Shell \u2013 0607<\/a><\/strong><\/p>\n","protected":false},"excerpt":{"rendered":"<p>En ullvante med god isoleringsegenskap som anv\u00e4nds som ett avtagbart foder tillsammans med Hedmark Mitt.<\/p>\n","protected":false},"featured_media":3604,"template":"","meta":{"_acf_changed":false},"pwb-brand":[258],"product_brand":[],"product_cat":[241],"product_tag":[],"class_list":{"0":"post-1944","1":"product","2":"type-product","3":"status-publish","4":"has-post-thumbnail","6":"pwb-brand-lillsport","7":"product_cat-liners","8":"pa_farg-vit","9":"pa_komposition-85-ull-13-pa-2-el","10":"pa_material-ull","11":"pa_passform-slim","12":"pa_passform-standard","13":"pa_storlek-l","14":"pa_storlek-m","15":"pa_storlek-s","16":"pa_storlek-xl","17":"pa_typ-tumvante","19":"first","20":"instock","21":"taxable","22":"shipping-taxable","23":"product-type-variable"},"acf":[],"kroconnect":{"tax_rate":25,"price_inc_vat":{"regular_price":299},"price_ex_vat":{"regular_price":239.2}},"brands":[{"id":258,"name":"Lillsport","slug":"lillsport"}],"_links":{"self":[{"href":"https:\/\/lillsport.com\/sv\/wp-json\/wp\/v2\/product\/1944","targetHints":{"allow":["GET"]}}],"collection":[{"href":"https:\/\/lillsport.com\/sv\/wp-json\/wp\/v2\/product"}],"about":[{"href":"https:\/\/lillsport.com\/sv\/wp-json\/wp\/v2\/types\/product"}],"wp:featuredmedia":[{"embeddable":true,"href":"https:\/\/lillsport.com\/sv\/wp-json\/wp\/v2\/media\/3604"}],"wp:attachment":[{"href":"https:\/\/lillsport.com\/sv\/wp-json\/wp\/v2\/media?parent=1944"}],"wp:term":[{"taxonomy":"pwb-brand","embeddable":true,"href":"https:\/\/lillsport.com\/sv\/wp-json\/wp\/v2\/pwb-brand?post=1944"},{"taxonomy":"product_brand","embeddable":true,"href":"https:\/\/lillsport.com\/sv\/wp-json\/wp\/v2\/product_brand?post=1944"},{"taxonomy":"product_cat","embeddable":true,"href":"https:\/\/lillsport.com\/sv\/wp-json\/wp\/v2\/product_cat?post=1944"},{"taxonomy":"product_tag","embeddable":true,"href":"https:\/\/lillsport.com\/sv\/wp-json\/wp\/v2\/product_tag?post=1944"}],"curies":[{"name":"wp","href":"https:\/\/api.w.org\/{rel}","templated":true}]}}