{"id":1966,"date":"2021-11-23T23:24:35","date_gmt":"2021-11-23T22:24:35","guid":{"rendered":"https:\/\/lillsport.advanttest.se\/product\/solid-thermo-0683\/"},"modified":"2026-04-17T11:00:42","modified_gmt":"2026-04-17T09:00:42","slug":"solid-thermo-0683","status":"publish","type":"product","link":"https:\/\/lillsport.com\/sv\/produkt\/solid-thermo-0683\/","title":{"rendered":"Solid Thermo &#8211; 0683"},"content":{"rendered":"<p>Fodrad och vindavvisande race\/motions-handske i basutf\u00f6rande anpassad f\u00f6r l\u00e5g till medelh\u00f6g intensitet vid kallare temperaturer. Ovanhanden best\u00e5r av vindavvisande textil med god andningsf\u00f6rm\u00e5ga som skyddar dina h\u00e4nder mot kyla och ventilerar kroppsv\u00e4rme f\u00f6r b\u00e4sta komfort. Slitstarkt och l\u00e4ttsk\u00f6tt syntetl\u00e4der i innerhanden medf\u00f6r en god k\u00e4nsla mot staven. Mudd av bekv\u00e4m och isolerande Neoprene.<\/p>\n","protected":false},"excerpt":{"rendered":"<p>Bra fodrad bashandske f\u00f6r tr\u00e4ning. Handsken har slitstark innerhand i syntetmaterial som \u00e4r f\u00f6rst\u00e4rkt mellan tumme och pekfinger. Ovanhanden \u00e4r vindavvisande med v\u00e4mande innerfoder.<\/p>\n","protected":false},"featured_media":3616,"template":"","meta":{"_acf_changed":false},"pwb-brand":[258],"product_brand":[],"product_cat":[407,238],"product_tag":[],"class_list":{"0":"post-1966","1":"product","2":"type-product","3":"status-publish","4":"has-post-thumbnail","6":"pwb-brand-lillsport","7":"product_cat-basic-race-and-training","8":"product_cat-cross-country-ski-gloves","9":"pa_farg-black","10":"pa_foder-fodrad","11":"pa_komposition-vindavvisande-3-lagerstextil","12":"pa_material-syntet","13":"pa_mudd-elastisk-mudd-i-neopren","14":"pa_passform-standard","15":"pa_storlek-279","16":"pa_storlek-280","17":"pa_storlek-281","18":"pa_storlek-261","19":"pa_storlek-269","20":"pa_storlek-276","21":"pa_storlek-277","22":"pa_storlek-278","23":"pa_typ-fingerhandske","25":"first","26":"instock","27":"taxable","28":"shipping-taxable","29":"product-type-variable"},"acf":[],"kroconnect":{"tax_rate":25,"price_inc_vat":{"regular_price":449},"price_ex_vat":{"regular_price":359.2}},"brands":[{"id":258,"name":"Lillsport","slug":"lillsport"}],"_links":{"self":[{"href":"https:\/\/lillsport.com\/sv\/wp-json\/wp\/v2\/product\/1966","targetHints":{"allow":["GET"]}}],"collection":[{"href":"https:\/\/lillsport.com\/sv\/wp-json\/wp\/v2\/product"}],"about":[{"href":"https:\/\/lillsport.com\/sv\/wp-json\/wp\/v2\/types\/product"}],"wp:featuredmedia":[{"embeddable":true,"href":"https:\/\/lillsport.com\/sv\/wp-json\/wp\/v2\/media\/3616"}],"wp:attachment":[{"href":"https:\/\/lillsport.com\/sv\/wp-json\/wp\/v2\/media?parent=1966"}],"wp:term":[{"taxonomy":"pwb-brand","embeddable":true,"href":"https:\/\/lillsport.com\/sv\/wp-json\/wp\/v2\/pwb-brand?post=1966"},{"taxonomy":"product_brand","embeddable":true,"href":"https:\/\/lillsport.com\/sv\/wp-json\/wp\/v2\/product_brand?post=1966"},{"taxonomy":"product_cat","embeddable":true,"href":"https:\/\/lillsport.com\/sv\/wp-json\/wp\/v2\/product_cat?post=1966"},{"taxonomy":"product_tag","embeddable":true,"href":"https:\/\/lillsport.com\/sv\/wp-json\/wp\/v2\/product_tag?post=1966"}],"curies":[{"name":"wp","href":"https:\/\/api.w.org\/{rel}","templated":true}]}}