{"id":1975,"date":"2021-11-23T23:24:49","date_gmt":"2021-11-23T22:24:49","guid":{"rendered":"https:\/\/lillsport.advanttest.se\/product\/boot-cover-0731\/"},"modified":"2026-04-17T11:15:22","modified_gmt":"2026-04-17T09:15:22","slug":"boot-cover-0731","status":"publish","type":"product","link":"https:\/\/lillsport.com\/sv\/produkt\/boot-cover-0731\/","title":{"rendered":"Boot Cover &#8211; 0731"},"content":{"rendered":"<p>Boot cover \u00e4r ett vindt\u00e4tt pj\u00e4xskydd i 3-lagerstextil. F\u00f6rst\u00e4rkningar p\u00e5 sidorna skyddar mot h\u00e5rda sp\u00e5rkanter och sulan best\u00e5r av gummibelagd glasfiberv\u00e4v f\u00f6r slitstryka och b\u00e4ttre f\u00e4ste. Boot Cover passar b\u00e5de Salomon och Rottefella-bindningar (NNN\/SNS\/PROLINK\/Turnamic)<\/p>\n","protected":false},"excerpt":{"rendered":"<p>Ofodrat pj\u00e4xskydd som skyddar f\u00f6tterna mot b\u00e5de vind och kyla! Utrustad med f\u00f6rst\u00e4rkning p\u00e5 sidorna f\u00f6r h\u00e5rda sp\u00e5rkanter. Passar b\u00e5de Salomon- och Rottefellabindningar.<\/p>\n","protected":false},"featured_media":3624,"template":"","meta":{"_acf_changed":false},"pwb-brand":[258],"product_brand":[],"product_cat":[238,408],"product_tag":[],"class_list":{"0":"post-1975","1":"product","2":"type-product","3":"status-publish","4":"has-post-thumbnail","6":"pwb-brand-lillsport","7":"product_cat-cross-country-ski-gloves","8":"product_cat-warm-race-and-training","9":"pa_farg-black","10":"pa_komposition-vindavvisande-3-lagerstextil-sula-i-hypalon-belagd-high-tenacity-polyamid","11":"pa_storlek-36-37","12":"pa_storlek-38-39","13":"pa_storlek-40-41","14":"pa_storlek-42-43","15":"pa_storlek-44-45","16":"pa_storlek-46-47","18":"first","19":"instock","20":"taxable","21":"shipping-taxable","22":"product-type-variable"},"acf":[],"kroconnect":{"tax_rate":25,"price_inc_vat":{"regular_price":549},"price_ex_vat":{"regular_price":439.2}},"brands":[{"id":258,"name":"Lillsport","slug":"lillsport"}],"_links":{"self":[{"href":"https:\/\/lillsport.com\/sv\/wp-json\/wp\/v2\/product\/1975","targetHints":{"allow":["GET"]}}],"collection":[{"href":"https:\/\/lillsport.com\/sv\/wp-json\/wp\/v2\/product"}],"about":[{"href":"https:\/\/lillsport.com\/sv\/wp-json\/wp\/v2\/types\/product"}],"wp:featuredmedia":[{"embeddable":true,"href":"https:\/\/lillsport.com\/sv\/wp-json\/wp\/v2\/media\/3624"}],"wp:attachment":[{"href":"https:\/\/lillsport.com\/sv\/wp-json\/wp\/v2\/media?parent=1975"}],"wp:term":[{"taxonomy":"pwb-brand","embeddable":true,"href":"https:\/\/lillsport.com\/sv\/wp-json\/wp\/v2\/pwb-brand?post=1975"},{"taxonomy":"product_brand","embeddable":true,"href":"https:\/\/lillsport.com\/sv\/wp-json\/wp\/v2\/product_brand?post=1975"},{"taxonomy":"product_cat","embeddable":true,"href":"https:\/\/lillsport.com\/sv\/wp-json\/wp\/v2\/product_cat?post=1975"},{"taxonomy":"product_tag","embeddable":true,"href":"https:\/\/lillsport.com\/sv\/wp-json\/wp\/v2\/product_tag?post=1975"}],"curies":[{"name":"wp","href":"https:\/\/api.w.org\/{rel}","templated":true}]}}