{"id":1993,"date":"2021-11-23T23:25:05","date_gmt":"2021-11-23T22:25:05","guid":{"rendered":"https:\/\/lillsport.advanttest.se\/product\/canvas-0735\/"},"modified":"2026-04-17T07:45:33","modified_gmt":"2026-04-17T05:45:33","slug":"canvas-0735","status":"publish","type":"product","link":"https:\/\/lillsport.com\/sv\/produkt\/canvas-0735\/","title":{"rendered":"Canvas &#8211; 0735"},"content":{"rendered":"<p>Canvas \u00e4r en damask av slitstark och impregnerad v\u00e4v. Damasken har ett blixtl\u00e5s l\u00e4ngs med damasken f\u00f6r l\u00e4tt p\u00e5\/av-tagning. Damasken har utbytbara res\u00e5r remmar under foten och sn\u00f6l\u00e5s upptill som h\u00e5ller damasken p\u00e5 plats.<\/p>\n<p>&nbsp;<\/p>\n","protected":false},"excerpt":{"rendered":"<p>V\u00e5r popul\u00e4raste damask! Vattenavvisande blixtl\u00e5s i sidan g\u00f6r det l\u00e4tt att ta p\u00e5 och av.<\/p>\n","protected":false},"featured_media":6794,"template":"","meta":{"_acf_changed":false},"pwb-brand":[258],"product_brand":[],"product_cat":[240],"product_tag":[],"class_list":{"0":"post-1993","1":"product","2":"type-product","3":"status-publish","4":"has-post-thumbnail","6":"pwb-brand-lillsport","7":"product_cat-gaiters","8":"pa_farg-gron","9":"pa_farg-red","10":"pa_farg-black","11":"pa_farg-vit","12":"pa_foder-ofodrad","13":"pa_komposition-52-polyester-48-bomull","14":"pa_material-bomull-polyester-vav","15":"pa_storlek-l","16":"pa_storlek-m","17":"pa_storlek-one-size","18":"pa_storlek-s","20":"first","21":"instock","22":"taxable","23":"shipping-taxable","24":"product-type-variable"},"acf":[],"kroconnect":{"tax_rate":25,"price_inc_vat":{"regular_price":699},"price_ex_vat":{"regular_price":559.2}},"brands":[{"id":258,"name":"Lillsport","slug":"lillsport"}],"_links":{"self":[{"href":"https:\/\/lillsport.com\/sv\/wp-json\/wp\/v2\/product\/1993","targetHints":{"allow":["GET"]}}],"collection":[{"href":"https:\/\/lillsport.com\/sv\/wp-json\/wp\/v2\/product"}],"about":[{"href":"https:\/\/lillsport.com\/sv\/wp-json\/wp\/v2\/types\/product"}],"wp:featuredmedia":[{"embeddable":true,"href":"https:\/\/lillsport.com\/sv\/wp-json\/wp\/v2\/media\/6794"}],"wp:attachment":[{"href":"https:\/\/lillsport.com\/sv\/wp-json\/wp\/v2\/media?parent=1993"}],"wp:term":[{"taxonomy":"pwb-brand","embeddable":true,"href":"https:\/\/lillsport.com\/sv\/wp-json\/wp\/v2\/pwb-brand?post=1993"},{"taxonomy":"product_brand","embeddable":true,"href":"https:\/\/lillsport.com\/sv\/wp-json\/wp\/v2\/product_brand?post=1993"},{"taxonomy":"product_cat","embeddable":true,"href":"https:\/\/lillsport.com\/sv\/wp-json\/wp\/v2\/product_cat?post=1993"},{"taxonomy":"product_tag","embeddable":true,"href":"https:\/\/lillsport.com\/sv\/wp-json\/wp\/v2\/product_tag?post=1993"}],"curies":[{"name":"wp","href":"https:\/\/api.w.org\/{rel}","templated":true}]}}