{"id":2005,"date":"2021-11-23T23:25:24","date_gmt":"2021-11-23T22:25:24","guid":{"rendered":"https:\/\/lillsport.advanttest.se\/product\/earmuffs-0821\/"},"modified":"2026-04-17T11:00:20","modified_gmt":"2026-04-17T09:00:20","slug":"earmuffs-0821","status":"publish","type":"product","link":"https:\/\/lillsport.com\/sv\/produkt\/earmuffs-0821\/","title":{"rendered":"Earmuffs &#8211; 0821"},"content":{"rendered":"<p>Traditionella \u00f6ronlappar med b\u00e5ge som sitter s\u00e4kert i alla v\u00e4der. Kan anv\u00e4ndas som komplement till m\u00f6ssa eller sj\u00e4lvst\u00e4ndigt.<\/p>\n","protected":false},"excerpt":{"rendered":"<p>Traditionella \u00f6ronlappar med b\u00e5ge.<\/p>\n","protected":false},"featured_media":3700,"template":"","meta":{"_acf_changed":false},"pwb-brand":[258],"product_brand":[],"product_cat":[451],"product_tag":[],"class_list":{"0":"post-2005","1":"product","2":"type-product","3":"status-publish","4":"has-post-thumbnail","6":"pwb-brand-lillsport","7":"product_cat-tillbehor","8":"pa_farg-black","9":"pa_foder-fleece","10":"pa_komposition-vindavvisande-fleece","11":"pa_material-fleece","12":"pa_storlek-one-size","14":"first","15":"instock","16":"taxable","17":"shipping-taxable","18":"product-type-variable"},"acf":[],"kroconnect":{"tax_rate":25,"price_inc_vat":{"regular_price":199},"price_ex_vat":{"regular_price":159.2}},"brands":[{"id":258,"name":"Lillsport","slug":"lillsport"}],"_links":{"self":[{"href":"https:\/\/lillsport.com\/sv\/wp-json\/wp\/v2\/product\/2005","targetHints":{"allow":["GET"]}}],"collection":[{"href":"https:\/\/lillsport.com\/sv\/wp-json\/wp\/v2\/product"}],"about":[{"href":"https:\/\/lillsport.com\/sv\/wp-json\/wp\/v2\/types\/product"}],"wp:featuredmedia":[{"embeddable":true,"href":"https:\/\/lillsport.com\/sv\/wp-json\/wp\/v2\/media\/3700"}],"wp:attachment":[{"href":"https:\/\/lillsport.com\/sv\/wp-json\/wp\/v2\/media?parent=2005"}],"wp:term":[{"taxonomy":"pwb-brand","embeddable":true,"href":"https:\/\/lillsport.com\/sv\/wp-json\/wp\/v2\/pwb-brand?post=2005"},{"taxonomy":"product_brand","embeddable":true,"href":"https:\/\/lillsport.com\/sv\/wp-json\/wp\/v2\/product_brand?post=2005"},{"taxonomy":"product_cat","embeddable":true,"href":"https:\/\/lillsport.com\/sv\/wp-json\/wp\/v2\/product_cat?post=2005"},{"taxonomy":"product_tag","embeddable":true,"href":"https:\/\/lillsport.com\/sv\/wp-json\/wp\/v2\/product_tag?post=2005"}],"curies":[{"name":"wp","href":"https:\/\/api.w.org\/{rel}","templated":true}]}}