{"id":2018,"date":"2021-11-23T23:25:24","date_gmt":"2021-11-23T22:25:24","guid":{"rendered":"https:\/\/lillsport.advanttest.se\/product\/wool-liner-light-3014\/"},"modified":"2026-04-17T10:00:18","modified_gmt":"2026-04-17T08:00:18","slug":"wool-liner-light-3014","status":"publish","type":"product","link":"https:\/\/lillsport.com\/sv\/produkt\/wool-liner-light-3014\/","title":{"rendered":"Wool Liner Light &#8211; 3014"},"content":{"rendered":"<p>Wool Liner Light \u00e4r ett tunnare innerfoder i 100% Merinoull med endast 17,5 micron i\u00a0fiberdiameter f\u00f6r b\u00e4sta komfort och formbest\u00e4ndighet. Ullens egenskaper h\u00e5ller dina h\u00e4nder varma n\u00e4r det \u00e4r kallt och svala n\u00e4r det \u00e4r varmt. Ullens fibrer absorberar fukt inuti fibrer och k\u00e4nns d\u00e4rmed inte bl\u00f6tt och motverkar d\u00e5lig lukt. Wool Liner kan anv\u00e4ndas frist\u00e5ende eller tillsammans med Lillsport\u00ae \u00f6vriga handskar.<\/p>\n","protected":false},"excerpt":{"rendered":"<p>Tunn Liner i 100% Merinoull. Den g\u00e5r att anv\u00e4ndas som den \u00e4r eller som ett avtagbart foder i andra handskar.<\/p>\n","protected":false},"featured_media":3656,"template":"","meta":{"_acf_changed":false},"pwb-brand":[258],"product_brand":[],"product_cat":[241],"product_tag":[],"class_list":{"0":"post-2018","1":"product","2":"type-product","3":"status-publish","4":"has-post-thumbnail","6":"pwb-brand-lillsport","7":"product_cat-liners","8":"pa_farg-grey","9":"pa_komposition-100-merinoull","10":"pa_material-ull","11":"pa_passform-slim","12":"pa_passform-standard","13":"pa_storlek-279","14":"pa_storlek-280","15":"pa_storlek-281","16":"pa_storlek-261","17":"pa_storlek-269","18":"pa_storlek-276","19":"pa_storlek-277","20":"pa_storlek-278","21":"pa_typ-fingerhandske","23":"first","24":"instock","25":"taxable","26":"shipping-taxable","27":"product-type-variable"},"acf":[],"kroconnect":{"tax_rate":25,"price_inc_vat":{"regular_price":249},"price_ex_vat":{"regular_price":199.2}},"brands":[{"id":258,"name":"Lillsport","slug":"lillsport"}],"_links":{"self":[{"href":"https:\/\/lillsport.com\/sv\/wp-json\/wp\/v2\/product\/2018","targetHints":{"allow":["GET"]}}],"collection":[{"href":"https:\/\/lillsport.com\/sv\/wp-json\/wp\/v2\/product"}],"about":[{"href":"https:\/\/lillsport.com\/sv\/wp-json\/wp\/v2\/types\/product"}],"wp:featuredmedia":[{"embeddable":true,"href":"https:\/\/lillsport.com\/sv\/wp-json\/wp\/v2\/media\/3656"}],"wp:attachment":[{"href":"https:\/\/lillsport.com\/sv\/wp-json\/wp\/v2\/media?parent=2018"}],"wp:term":[{"taxonomy":"pwb-brand","embeddable":true,"href":"https:\/\/lillsport.com\/sv\/wp-json\/wp\/v2\/pwb-brand?post=2018"},{"taxonomy":"product_brand","embeddable":true,"href":"https:\/\/lillsport.com\/sv\/wp-json\/wp\/v2\/product_brand?post=2018"},{"taxonomy":"product_cat","embeddable":true,"href":"https:\/\/lillsport.com\/sv\/wp-json\/wp\/v2\/product_cat?post=2018"},{"taxonomy":"product_tag","embeddable":true,"href":"https:\/\/lillsport.com\/sv\/wp-json\/wp\/v2\/product_tag?post=2018"}],"curies":[{"name":"wp","href":"https:\/\/api.w.org\/{rel}","templated":true}]}}