{"id":3847,"date":"2022-10-20T15:21:39","date_gmt":"2022-10-20T13:21:39","guid":{"rendered":"https:\/\/lillsport.com\/?post_type=product&#038;p=3847"},"modified":"2026-03-16T15:17:45","modified_gmt":"2026-03-16T14:17:45","slug":"forest-summer-0951","status":"publish","type":"product","link":"https:\/\/lillsport.com\/sv\/produkt\/forest-summer-0951\/","title":{"rendered":"Forest Summer &#8211; 0951"},"content":{"rendered":"<p>Forest Summer fr\u00e5n LillSport \u00e4r en tunn och sval fingerhandske speciellt framtagen f\u00f6r jakt- och friluftsliv p\u00e5 den varmaste delen av \u00e5ret.<\/p>\n<p>Ovansidan av handsken \u00e4r tillverkad i en stretchig textil fr\u00e5n Carvico. Innerhanden av handsken best\u00e5r av ett f\u00f6ljsamt och vattent\u00e4tt skinn fr\u00e5n Etiopiskt h\u00e5rf\u00e5r som ger optimalt grepp och fingerf\u00e4rdighet. Pekfinger och tumme har ocks\u00e5 en touchbel\u00e4ggning f\u00f6r enklare hantering av utrustning s\u00e5 som GPS och telefon.<\/p>\n<p>Forest summer kommer i f\u00e4rgerna gr\u00f6n och orange.<\/p>\n<p>LillSport nya kollektion Forest finns i fyra olika utf\u00f6randen anpassade efter \u00e5rets alla \u00e5rstider.<\/p>\n","protected":false},"excerpt":{"rendered":"<p>Forest Summer \u00e4r en ofodrad handske f\u00f6r jakt- och friluftsliv med en ovansida av stretchig textil och innerhand av Etiopiskt h\u00e5rf\u00e5r som ger optimalt grepp och fingerf\u00e4rdighet.<\/p>\n","protected":false},"featured_media":4240,"template":"","meta":{"_acf_changed":false},"pwb-brand":[258],"product_brand":[],"product_cat":[239],"product_tag":[],"class_list":{"0":"post-3847","1":"product","2":"type-product","3":"status-publish","4":"has-post-thumbnail","6":"pwb-brand-lillsport","7":"product_cat-forest","8":"pa_farg-gron-en","9":"pa_farg-nature-summer","10":"pa_foder-ofodrad","11":"pa_komposition-lader-fran-harfar","12":"pa_material-lader","13":"pa_passform-standard","14":"pa_storlek-279","15":"pa_storlek-280","16":"pa_storlek-281","17":"pa_storlek-261","18":"pa_storlek-269","19":"pa_storlek-276","20":"pa_storlek-277","21":"pa_storlek-278","22":"pa_typ-fingerhandske","24":"first","25":"instock","26":"taxable","27":"shipping-taxable","28":"product-type-variable"},"acf":[],"kroconnect":{"tax_rate":25,"price_inc_vat":{"regular_price":499},"price_ex_vat":{"regular_price":399.2}},"brands":[{"id":258,"name":"Lillsport","slug":"lillsport"}],"_links":{"self":[{"href":"https:\/\/lillsport.com\/sv\/wp-json\/wp\/v2\/product\/3847","targetHints":{"allow":["GET"]}}],"collection":[{"href":"https:\/\/lillsport.com\/sv\/wp-json\/wp\/v2\/product"}],"about":[{"href":"https:\/\/lillsport.com\/sv\/wp-json\/wp\/v2\/types\/product"}],"wp:featuredmedia":[{"embeddable":true,"href":"https:\/\/lillsport.com\/sv\/wp-json\/wp\/v2\/media\/4240"}],"wp:attachment":[{"href":"https:\/\/lillsport.com\/sv\/wp-json\/wp\/v2\/media?parent=3847"}],"wp:term":[{"taxonomy":"pwb-brand","embeddable":true,"href":"https:\/\/lillsport.com\/sv\/wp-json\/wp\/v2\/pwb-brand?post=3847"},{"taxonomy":"product_brand","embeddable":true,"href":"https:\/\/lillsport.com\/sv\/wp-json\/wp\/v2\/product_brand?post=3847"},{"taxonomy":"product_cat","embeddable":true,"href":"https:\/\/lillsport.com\/sv\/wp-json\/wp\/v2\/product_cat?post=3847"},{"taxonomy":"product_tag","embeddable":true,"href":"https:\/\/lillsport.com\/sv\/wp-json\/wp\/v2\/product_tag?post=3847"}],"curies":[{"name":"wp","href":"https:\/\/api.w.org\/{rel}","templated":true}]}}