{"id":3887,"date":"2022-10-27T10:32:08","date_gmt":"2022-10-27T08:32:08","guid":{"rendered":"https:\/\/lillsport.com\/?post_type=product&#038;p=3887"},"modified":"2026-02-25T07:15:26","modified_gmt":"2026-02-25T06:15:26","slug":"forest-autumn-0952","status":"publish","type":"product","link":"https:\/\/lillsport.com\/sv\/produkt\/forest-autumn-0952\/","title":{"rendered":"Forest Autumn &#8211; 0952"},"content":{"rendered":"<p>Forest Autumn fr\u00e5n Lillsport \u00e4r en fodrad och vattent\u00e4t fingerhandske speciellt framtagen f\u00f6r jakt- och frilufsliv p\u00e5 den fuktigare och kallare delen p\u00e5 \u00e5ret.<\/p>\n<p>Ovansidan av handsken \u00e4r tillverkad av en vind- och vattent\u00e4t tre-lagerstextil med goda andningsegenskaper. Denna handsken har ocks\u00e5 ett membran av Porell f\u00f6r att h\u00e5lla handen torr och varm under l\u00e5ngvarig aktivitet. Handsken har ocks\u00e5 ett formsytt foder i Polyester f\u00f6r maximal fukttransport och isolation. Innerhanden av handsken best\u00e5r av ett f\u00f6ljsamt och vattent\u00e4tt skinn fr\u00e5n Etiopiskt h\u00e5rf\u00e5r som ger optimalt grepp och fingerf\u00e4rdighet. Pekfinger och tumme har ocks\u00e5 en touchbel\u00e4ggning f\u00f6r enklare hantering av utrustning s\u00e5 som GPS och telefon.<\/p>\n<p>LillSport nya kollektion Forest finns i fyra olika utf\u00f6randen anpassade efter \u00e5rets alla \u00e5rstider.<\/p>\n","protected":false},"excerpt":{"rendered":"<p>Forest Autumn \u00e4r en fodrad samt vind- och vattent\u00e4t fingerhandske speciellt framtagen f\u00f6r jakt- och frilufsliv p\u00e5 den fuktigare och kallare delen p\u00e5 \u00e5ret med en vindt\u00e4tt tre-lagerstextil p\u00e5 ovansidan handen som dessutom skyddas av ett membran av Porell. Innerhanden best\u00e5r av Etiopiskt h\u00e5rf\u00e5r som ger optimalt grepp och fingerf\u00e4rdighet.<\/p>\n","protected":false},"featured_media":3888,"template":"","meta":{"_acf_changed":false},"pwb-brand":[],"product_brand":[],"product_cat":[239],"product_tag":[],"class_list":{"0":"post-3887","1":"product","2":"type-product","3":"status-publish","4":"has-post-thumbnail","6":"product_cat-forest","7":"pa_farg-gron-brun","8":"pa_farg-nature-autumn","9":"pa_foder-vindtat-tre-lagerstextil-med-membran-av-porell","10":"pa_komposition-lader-fran-harfar","11":"pa_material-lader","12":"pa_passform-standard","13":"pa_storlek-279","14":"pa_storlek-280","15":"pa_storlek-281","16":"pa_storlek-261","17":"pa_storlek-269","18":"pa_storlek-276","19":"pa_storlek-277","20":"pa_storlek-278","21":"pa_typ-fingerhandske","23":"first","24":"instock","25":"taxable","26":"shipping-taxable","27":"product-type-variable"},"acf":[],"kroconnect":{"tax_rate":25,"price_inc_vat":{"regular_price":999},"price_ex_vat":{"regular_price":799.2}},"brands":[],"_links":{"self":[{"href":"https:\/\/lillsport.com\/sv\/wp-json\/wp\/v2\/product\/3887","targetHints":{"allow":["GET"]}}],"collection":[{"href":"https:\/\/lillsport.com\/sv\/wp-json\/wp\/v2\/product"}],"about":[{"href":"https:\/\/lillsport.com\/sv\/wp-json\/wp\/v2\/types\/product"}],"wp:featuredmedia":[{"embeddable":true,"href":"https:\/\/lillsport.com\/sv\/wp-json\/wp\/v2\/media\/3888"}],"wp:attachment":[{"href":"https:\/\/lillsport.com\/sv\/wp-json\/wp\/v2\/media?parent=3887"}],"wp:term":[{"taxonomy":"pwb-brand","embeddable":true,"href":"https:\/\/lillsport.com\/sv\/wp-json\/wp\/v2\/pwb-brand?post=3887"},{"taxonomy":"product_brand","embeddable":true,"href":"https:\/\/lillsport.com\/sv\/wp-json\/wp\/v2\/product_brand?post=3887"},{"taxonomy":"product_cat","embeddable":true,"href":"https:\/\/lillsport.com\/sv\/wp-json\/wp\/v2\/product_cat?post=3887"},{"taxonomy":"product_tag","embeddable":true,"href":"https:\/\/lillsport.com\/sv\/wp-json\/wp\/v2\/product_tag?post=3887"}],"curies":[{"name":"wp","href":"https:\/\/api.w.org\/{rel}","templated":true}]}}