{"id":4255,"date":"2023-07-11T09:30:39","date_gmt":"2023-07-11T07:30:39","guid":{"rendered":"https:\/\/lillsport.com\/?post_type=product&#038;p=4255"},"modified":"2026-04-16T15:45:22","modified_gmt":"2026-04-16T13:45:22","slug":"forest-winter-mitt-0954","status":"publish","type":"product","link":"https:\/\/lillsport.com\/sv\/produkt\/forest-winter-mitt-0954\/","title":{"rendered":"Forest Winter Mitt &#8211; 0954"},"content":{"rendered":"<p>Forest Winter Mitt \u00e4r en robust och fodrad tumvante. Ovanhanden best\u00e5r av ett robust tyg i 50% bomull och 50 % polyester och innerhanden av skinn fr\u00e5n Etiopiskt h\u00e5rf\u00e5r. Vanten kommer tillsammans med en liner i ull pile. Vanten \u00e4r anpassad f\u00f6r jakt och har en \u00f6ppning f\u00f6r pekfingret, funktionell \u00e5tdragning vid handleden och enkel enhands-justering i kragen.<\/p>\n<p>&nbsp;<\/p>\n","protected":false},"excerpt":{"rendered":"<p>Forest Winter Mitt \u00e4r en robust och fodrad tumvante. Vanten kommer tillsammans med en liner i ull pile. Vanten \u00e4r anpassad f\u00f6r jakt och har en \u00f6ppning f\u00f6r pekfingret, funktionell \u00e5tdragning vid handleden och enkel enhands-justering i kragen.<\/p>\n","protected":false},"featured_media":4271,"template":"","meta":{"_acf_changed":false},"pwb-brand":[],"product_brand":[],"product_cat":[239],"product_tag":[],"class_list":{"0":"post-4255","1":"product","2":"type-product","3":"status-publish","4":"has-post-thumbnail","6":"product_cat-forest","7":"pa_farg-gron-en","8":"pa_farg-white","9":"pa_foder-lostagbart-foder","10":"pa_material-lader","11":"pa_passform-standard","12":"pa_storlek-l","13":"pa_storlek-m","14":"pa_storlek-s","15":"pa_storlek-xl","16":"pa_storlek-xs","17":"pa_typ-tumvante","19":"first","20":"instock","21":"taxable","22":"shipping-taxable","23":"product-type-variable"},"acf":[],"kroconnect":{"tax_rate":25,"price_inc_vat":{"regular_price":799},"price_ex_vat":{"regular_price":639.2}},"brands":[],"_links":{"self":[{"href":"https:\/\/lillsport.com\/sv\/wp-json\/wp\/v2\/product\/4255","targetHints":{"allow":["GET"]}}],"collection":[{"href":"https:\/\/lillsport.com\/sv\/wp-json\/wp\/v2\/product"}],"about":[{"href":"https:\/\/lillsport.com\/sv\/wp-json\/wp\/v2\/types\/product"}],"wp:featuredmedia":[{"embeddable":true,"href":"https:\/\/lillsport.com\/sv\/wp-json\/wp\/v2\/media\/4271"}],"wp:attachment":[{"href":"https:\/\/lillsport.com\/sv\/wp-json\/wp\/v2\/media?parent=4255"}],"wp:term":[{"taxonomy":"pwb-brand","embeddable":true,"href":"https:\/\/lillsport.com\/sv\/wp-json\/wp\/v2\/pwb-brand?post=4255"},{"taxonomy":"product_brand","embeddable":true,"href":"https:\/\/lillsport.com\/sv\/wp-json\/wp\/v2\/product_brand?post=4255"},{"taxonomy":"product_cat","embeddable":true,"href":"https:\/\/lillsport.com\/sv\/wp-json\/wp\/v2\/product_cat?post=4255"},{"taxonomy":"product_tag","embeddable":true,"href":"https:\/\/lillsport.com\/sv\/wp-json\/wp\/v2\/product_tag?post=4255"}],"curies":[{"name":"wp","href":"https:\/\/api.w.org\/{rel}","templated":true}]}}