{"id":4292,"date":"2023-08-07T15:51:39","date_gmt":"2023-08-07T13:51:39","guid":{"rendered":"https:\/\/lillsport.com\/?post_type=product&#038;p=4292"},"modified":"2026-04-16T15:45:27","modified_gmt":"2026-04-16T13:45:27","slug":"wool-liner-touch-3017","status":"publish","type":"product","link":"https:\/\/lillsport.com\/sv\/produkt\/wool-liner-touch-3017\/","title":{"rendered":"Wool Liner Touch &#8211; 3017"},"content":{"rendered":"<p>Wool Liner Touch \u00e4r ett innerfoder i ull med praktisk touch-funktion. Ullens egenskaper h\u00e5ller dina h\u00e4nder varma n\u00e4r det \u00e4r kallt och svala n\u00e4r det \u00e4r varmt. Ullens fibrer absorberar fukt inuti fibrer och k\u00e4nns d\u00e4rmed inte bl\u00f6tt och motverkar d\u00e5lig lukt. Wool Liner Touch kan anv\u00e4ndas frist\u00e5ende eller tillsammans med LillSport\u00ae \u00f6vriga handskar.<\/p>\n","protected":false},"excerpt":{"rendered":"<p>En liner som \u00e4r perfekt att anv\u00e4ndas som ett f\u00f6rsta lager! Den g\u00e5r att anv\u00e4ndas som den \u00e4r eller som ett avtagbart foder i andra handskar.<\/p>\n","protected":false},"featured_media":5274,"template":"","meta":{"_acf_changed":false},"pwb-brand":[],"product_brand":[],"product_cat":[241],"product_tag":[],"class_list":{"0":"post-4292","1":"product","2":"type-product","3":"status-publish","4":"has-post-thumbnail","6":"product_cat-liners","7":"pa_farg-black","8":"pa_komposition-80-merinoull-20-polyester","9":"pa_storlek-10-en","10":"pa_storlek-11-en","11":"pa_storlek-12-en","12":"pa_storlek-5-en","13":"pa_storlek-6-en","14":"pa_storlek-7-en","15":"pa_storlek-8-en","16":"pa_storlek-9-en","18":"first","19":"outofstock","20":"taxable","21":"shipping-taxable","22":"product-type-variable"},"acf":[],"kroconnect":{"tax_rate":25,"price_inc_vat":{"regular_price":299},"price_ex_vat":{"regular_price":239.2}},"brands":[],"_links":{"self":[{"href":"https:\/\/lillsport.com\/sv\/wp-json\/wp\/v2\/product\/4292","targetHints":{"allow":["GET"]}}],"collection":[{"href":"https:\/\/lillsport.com\/sv\/wp-json\/wp\/v2\/product"}],"about":[{"href":"https:\/\/lillsport.com\/sv\/wp-json\/wp\/v2\/types\/product"}],"wp:featuredmedia":[{"embeddable":true,"href":"https:\/\/lillsport.com\/sv\/wp-json\/wp\/v2\/media\/5274"}],"wp:attachment":[{"href":"https:\/\/lillsport.com\/sv\/wp-json\/wp\/v2\/media?parent=4292"}],"wp:term":[{"taxonomy":"pwb-brand","embeddable":true,"href":"https:\/\/lillsport.com\/sv\/wp-json\/wp\/v2\/pwb-brand?post=4292"},{"taxonomy":"product_brand","embeddable":true,"href":"https:\/\/lillsport.com\/sv\/wp-json\/wp\/v2\/product_brand?post=4292"},{"taxonomy":"product_cat","embeddable":true,"href":"https:\/\/lillsport.com\/sv\/wp-json\/wp\/v2\/product_cat?post=4292"},{"taxonomy":"product_tag","embeddable":true,"href":"https:\/\/lillsport.com\/sv\/wp-json\/wp\/v2\/product_tag?post=4292"}],"curies":[{"name":"wp","href":"https:\/\/api.w.org\/{rel}","templated":true}]}}