{"id":4353,"date":"2023-08-16T10:11:47","date_gmt":"2023-08-16T08:11:47","guid":{"rendered":"https:\/\/lillsport.com\/?post_type=product&#038;p=4353"},"modified":"2026-02-24T17:00:55","modified_gmt":"2026-02-24T16:00:55","slug":"coach-jr-0501-2","status":"publish","type":"product","link":"https:\/\/lillsport.com\/sv\/produkt\/coach-jr-0501-2\/","title":{"rendered":"Coach Jr &#8211; 0501"},"content":{"rendered":"<p>Coach Jr. \u00e4r en fodrad juniorhandske med en ovansida i vindt\u00e4t, 3-lagerstextil med goda andningsegenskaper. lnnerhanden best\u00e5r av slitstarkt syntetl\u00e4der. Handsken har \u00e4ven ett foder i micro-fleece som g\u00f6r denna handske l\u00e4mplig n\u00e4r det \u00e4r kallt ute. Speciellt utvecklad f\u00f6r att passa barnens mindre och bredare h\u00e4nder under l\u00e4ngdskid\u00e5kning.<\/p>\n","protected":false},"excerpt":{"rendered":"<p>Fodrad fingerhandske anpassad f\u00f6r barnhanden. Ovansidan av handsken best\u00e5r av vindt\u00e4t textil och innerhanden av slitstarkt och l\u00e4ttsk\u00f6tt syntetl\u00e4der.<\/p>\n","protected":false},"featured_media":4355,"template":"","meta":{"_acf_changed":false},"pwb-brand":[],"product_brand":[],"product_cat":[319],"product_tag":[],"class_list":{"0":"post-4353","1":"product","2":"type-product","3":"status-publish","4":"has-post-thumbnail","6":"product_cat-junior","7":"pa_farg-black","8":"pa_foder-fodrad","9":"pa_komposition-syntetlader","10":"pa_komposition-vind-och-vattenavvisande-3-lagerstextil","11":"pa_material-syntet","12":"pa_passform-junior","13":"pa_storlek-318","14":"pa_storlek-320","15":"pa_storlek-261","16":"pa_storlek-269","17":"pa_typ-fingerhandske","19":"first","20":"instock","21":"taxable","22":"shipping-taxable","23":"product-type-variable"},"acf":[],"kroconnect":{"tax_rate":25,"price_inc_vat":{"regular_price":349},"price_ex_vat":{"regular_price":279.2}},"brands":[],"_links":{"self":[{"href":"https:\/\/lillsport.com\/sv\/wp-json\/wp\/v2\/product\/4353","targetHints":{"allow":["GET"]}}],"collection":[{"href":"https:\/\/lillsport.com\/sv\/wp-json\/wp\/v2\/product"}],"about":[{"href":"https:\/\/lillsport.com\/sv\/wp-json\/wp\/v2\/types\/product"}],"wp:featuredmedia":[{"embeddable":true,"href":"https:\/\/lillsport.com\/sv\/wp-json\/wp\/v2\/media\/4355"}],"wp:attachment":[{"href":"https:\/\/lillsport.com\/sv\/wp-json\/wp\/v2\/media?parent=4353"}],"wp:term":[{"taxonomy":"pwb-brand","embeddable":true,"href":"https:\/\/lillsport.com\/sv\/wp-json\/wp\/v2\/pwb-brand?post=4353"},{"taxonomy":"product_brand","embeddable":true,"href":"https:\/\/lillsport.com\/sv\/wp-json\/wp\/v2\/product_brand?post=4353"},{"taxonomy":"product_cat","embeddable":true,"href":"https:\/\/lillsport.com\/sv\/wp-json\/wp\/v2\/product_cat?post=4353"},{"taxonomy":"product_tag","embeddable":true,"href":"https:\/\/lillsport.com\/sv\/wp-json\/wp\/v2\/product_tag?post=4353"}],"curies":[{"name":"wp","href":"https:\/\/api.w.org\/{rel}","templated":true}]}}