{"id":4388,"date":"2023-10-02T08:06:38","date_gmt":"2023-10-02T06:06:38","guid":{"rendered":"https:\/\/lillsport.com\/?post_type=product&#038;p=4388"},"modified":"2026-03-30T08:15:29","modified_gmt":"2026-03-30T06:15:29","slug":"pink-ribbon-edition-0412","status":"publish","type":"product","link":"https:\/\/lillsport.com\/sv\/produkt\/pink-ribbon-edition-0412\/","title":{"rendered":"Pink Ribbon Edition &#8211; 0412"},"content":{"rendered":"<p>Ratio Pink Ribbon har samma modell och passform som v\u00e5r popul\u00e4ra Ratio Gold handske <a href=\"https:\/\/lillsport.com\/sv\/produkt\/ratio-gold-0412\/\">https:\/\/lillsport.com\/sv\/produkt\/ratio-gold-0412\/<\/a> F\u00f6r varje Pink Ribbon handkse som s\u00e4ljs g\u00e5r pengarna oavkortat till br\u00f6stcancerfonden.<\/p>\n<p>Handsken \u00e4r fodrad och vindavvisande med innerhand av l\u00e4der. Ovanhand best\u00e5r av vindavvisande textil med god andningsf\u00f6rm\u00e5ga som skyddar dina h\u00e4nder mot kyla och ventilerar kroppsv\u00e4rme f\u00f6r b\u00e4sta komfort. Slitstarkt och f\u00f6ljsamt l\u00e4der i innerhanden, samt mellan fingrarna, medf\u00f6r oslagbar passform och k\u00e4nsla mot staven. Handsken har \u00e4ven ett v\u00e4rmande och formsytt foder med minimalt antal s\u00f6mmar f\u00f6r att handsken ska vara s\u00e5 bekv\u00e4m som m\u00f6jligt under stavremmen. Justerbar mudd med robust rem av bekv\u00e4m och isolerande neoprene. Ergonomisk konstruktion med f\u00f6rb\u00f6jda fingrar skapar en smidig k\u00e4nsla och naturlig h\u00e5llning f\u00f6r din hand under skidturen.<\/p>\n","protected":false},"excerpt":{"rendered":"<p>Oktober \u00e4r den m\u00e5nad d\u00e5 vi f\u00e4rgar v\u00e4rlden i rosa f\u00f6r att \u00f6ka medvetenheten om br\u00f6stcancer och f\u00f6r att st\u00f6dja kampen. F\u00f6r varje par Ratio Pink Ribbon handskar som s\u00e4ljs under oktober m\u00e5nad, g\u00e5r pengarna oavkortat till br\u00f6stcancerfonden.<br \/>\nHandsken \u00e4r framtagen i ett samarbete med Expedition Pink Ribbon, d\u00e4r 5 kvinnor korsat Gr\u00f6nland under en m\u00e5nad l\u00e5ng expedition. Det genomf\u00f6rdes f\u00f6r att samla in pengar till br\u00f6stcancerfonden, en typ av cancer som de alla drabbats av.<\/p>\n<p>Kampanjen g\u00e4ller 1 oktober till 31 oktober, eller s\u00e5 l\u00e5ngt lagret r\u00e4cker.<br \/>\n(Vanlig svart Ratio modell, utan Pink Ribbon loggan, \u00e4r standard pris och inte en del av kampanjen)<\/p>\n","protected":false},"featured_media":4409,"template":"","meta":{"_acf_changed":false},"pwb-brand":[],"product_brand":[],"product_cat":[238],"product_tag":[],"class_list":{"0":"post-4388","1":"product","2":"type-product","3":"status-publish","4":"has-post-thumbnail","6":"product_cat-cross-country-ski-gloves","7":"pa_farg-rosa","8":"pa_foder-fodrad","9":"pa_komposition-lader-fran-harfar","10":"pa_material-lader","11":"pa_mudd-mudd-i-neoprene","12":"pa_passform-standard","13":"pa_snortumme-oumbarlig-snortumme-i-frotte","14":"pa_storlek-279","15":"pa_storlek-280","16":"pa_storlek-12-en","17":"pa_storlek-261","18":"pa_storlek-269","19":"pa_storlek-276","20":"pa_storlek-277","21":"pa_storlek-9-en","22":"pa_typ-fingerhandske","24":"first","25":"instock","26":"taxable","27":"shipping-taxable","28":"product-type-variable"},"acf":[],"kroconnect":{"tax_rate":25,"price_inc_vat":{"regular_price":799},"price_ex_vat":{"regular_price":639.2}},"brands":[],"_links":{"self":[{"href":"https:\/\/lillsport.com\/sv\/wp-json\/wp\/v2\/product\/4388","targetHints":{"allow":["GET"]}}],"collection":[{"href":"https:\/\/lillsport.com\/sv\/wp-json\/wp\/v2\/product"}],"about":[{"href":"https:\/\/lillsport.com\/sv\/wp-json\/wp\/v2\/types\/product"}],"wp:featuredmedia":[{"embeddable":true,"href":"https:\/\/lillsport.com\/sv\/wp-json\/wp\/v2\/media\/4409"}],"wp:attachment":[{"href":"https:\/\/lillsport.com\/sv\/wp-json\/wp\/v2\/media?parent=4388"}],"wp:term":[{"taxonomy":"pwb-brand","embeddable":true,"href":"https:\/\/lillsport.com\/sv\/wp-json\/wp\/v2\/pwb-brand?post=4388"},{"taxonomy":"product_brand","embeddable":true,"href":"https:\/\/lillsport.com\/sv\/wp-json\/wp\/v2\/product_brand?post=4388"},{"taxonomy":"product_cat","embeddable":true,"href":"https:\/\/lillsport.com\/sv\/wp-json\/wp\/v2\/product_cat?post=4388"},{"taxonomy":"product_tag","embeddable":true,"href":"https:\/\/lillsport.com\/sv\/wp-json\/wp\/v2\/product_tag?post=4388"}],"curies":[{"name":"wp","href":"https:\/\/api.w.org\/{rel}","templated":true}]}}