{"id":5181,"date":"2024-09-12T09:39:30","date_gmt":"2024-09-12T07:39:30","guid":{"rendered":"https:\/\/lillsport.com\/?post_type=product&#038;p=5181"},"modified":"2026-04-09T13:46:54","modified_gmt":"2026-04-09T11:46:54","slug":"akkala-0602","status":"publish","type":"product","link":"https:\/\/lillsport.com\/sv\/produkt\/akkala-0602\/","title":{"rendered":"Akkala &#8211; 0602"},"content":{"rendered":"<p>Akkala \u00e4r en varmt fodrad outdoor\/alpinhandske. Ovansida \u00e4r tillverkad i slitstarkt, vattenavvisande och vindt\u00e4tt material och innerhanden best\u00e5r av vattenavvisande och f\u00f6ljsamt l\u00e4der fr\u00e5n Etiopiskt getskinn. Isolerande foder i thermovadd och microfleece. Handsken \u00e4r utrustad f\u00f6r att h\u00e5lla v\u00e4rmen inne och sn\u00f6 ute.<\/p>\n","protected":false},"excerpt":{"rendered":"<p>Varmfodrad outdoor\/alpinhandske!<\/p>\n","protected":false},"featured_media":6799,"template":"","meta":{"_acf_changed":false},"pwb-brand":[258],"product_brand":[],"product_cat":[242],"product_tag":[],"class_list":{"0":"post-5181","1":"product","2":"type-product","3":"status-publish","4":"has-post-thumbnail","6":"pwb-brand-lillsport","7":"product_cat-outdoor","8":"pa_farg-black","9":"pa_foder-thermovadd-och-varm-mikrofleece","10":"pa_komposition-getlader","11":"pa_komposition-vattentat-och-vindtat-polyester","12":"pa_material-lader","13":"pa_passform-standard","14":"pa_storlek-279","15":"pa_storlek-280","16":"pa_storlek-281","17":"pa_storlek-5-en","18":"pa_storlek-269","19":"pa_storlek-276","20":"pa_storlek-277","21":"pa_storlek-278","23":"first","24":"instock","25":"taxable","26":"shipping-taxable","27":"product-type-variable"},"acf":[],"kroconnect":{"tax_rate":25,"price_inc_vat":{"regular_price":1199},"price_ex_vat":{"regular_price":959.2}},"brands":[{"id":258,"name":"Lillsport","slug":"lillsport"}],"_links":{"self":[{"href":"https:\/\/lillsport.com\/sv\/wp-json\/wp\/v2\/product\/5181","targetHints":{"allow":["GET"]}}],"collection":[{"href":"https:\/\/lillsport.com\/sv\/wp-json\/wp\/v2\/product"}],"about":[{"href":"https:\/\/lillsport.com\/sv\/wp-json\/wp\/v2\/types\/product"}],"wp:featuredmedia":[{"embeddable":true,"href":"https:\/\/lillsport.com\/sv\/wp-json\/wp\/v2\/media\/6799"}],"wp:attachment":[{"href":"https:\/\/lillsport.com\/sv\/wp-json\/wp\/v2\/media?parent=5181"}],"wp:term":[{"taxonomy":"pwb-brand","embeddable":true,"href":"https:\/\/lillsport.com\/sv\/wp-json\/wp\/v2\/pwb-brand?post=5181"},{"taxonomy":"product_brand","embeddable":true,"href":"https:\/\/lillsport.com\/sv\/wp-json\/wp\/v2\/product_brand?post=5181"},{"taxonomy":"product_cat","embeddable":true,"href":"https:\/\/lillsport.com\/sv\/wp-json\/wp\/v2\/product_cat?post=5181"},{"taxonomy":"product_tag","embeddable":true,"href":"https:\/\/lillsport.com\/sv\/wp-json\/wp\/v2\/product_tag?post=5181"}],"curies":[{"name":"wp","href":"https:\/\/api.w.org\/{rel}","templated":true}]}}