{"id":5275,"date":"2024-09-18T14:42:29","date_gmt":"2024-09-18T12:42:29","guid":{"rendered":"https:\/\/lillsport.com\/?post_type=product&#038;p=5275"},"modified":"2026-03-19T11:45:35","modified_gmt":"2026-03-19T10:45:35","slug":"model-s-retro-0103","status":"publish","type":"product","link":"https:\/\/lillsport.com\/sv\/produkt\/model-s-retro-0103\/","title":{"rendered":"Model S Retro &#8211; 0103"},"content":{"rendered":"<p>Model S Retro \u00e4r en ofodrad handske i basutf\u00f6rande. Slitstarkt syntetskinn i innerhanden med f\u00f6rst\u00e4rkning mellan pekfinger och tumme. Ovanhand i vindavvisande 3-lagerstextil.<\/p>\n","protected":false},"excerpt":{"rendered":"<p>Model S Retro \u00e4r en ofodrad handske i basutf\u00f6rande!<\/p>\n","protected":false},"featured_media":6307,"template":"","meta":{"_acf_changed":false},"pwb-brand":[],"product_brand":[],"product_cat":[238,406,15],"product_tag":[],"class_list":{"0":"post-5275","1":"product","2":"type-product","3":"status-publish","4":"has-post-thumbnail","6":"product_cat-cross-country-ski-gloves","7":"product_cat-race-and-training","8":"product_cat-uncategorized","9":"pa_farg-retro","10":"pa_foder-ofodrad","11":"pa_komposition-clarino","12":"pa_komposition-vindavvisande-3-lagerstextil","13":"pa_material-syntet","14":"pa_passform-standard","15":"pa_storlek-10-en","16":"pa_storlek-280","17":"pa_storlek-281","18":"pa_storlek-261","19":"pa_storlek-6-en","20":"pa_storlek-276","21":"pa_storlek-8-en","22":"pa_storlek-9-en","24":"first","25":"instock","26":"taxable","27":"shipping-taxable","28":"product-type-variable"},"acf":[],"kroconnect":{"tax_rate":25,"price_inc_vat":{"regular_price":449},"price_ex_vat":{"regular_price":359.2}},"brands":[],"_links":{"self":[{"href":"https:\/\/lillsport.com\/sv\/wp-json\/wp\/v2\/product\/5275","targetHints":{"allow":["GET"]}}],"collection":[{"href":"https:\/\/lillsport.com\/sv\/wp-json\/wp\/v2\/product"}],"about":[{"href":"https:\/\/lillsport.com\/sv\/wp-json\/wp\/v2\/types\/product"}],"wp:featuredmedia":[{"embeddable":true,"href":"https:\/\/lillsport.com\/sv\/wp-json\/wp\/v2\/media\/6307"}],"wp:attachment":[{"href":"https:\/\/lillsport.com\/sv\/wp-json\/wp\/v2\/media?parent=5275"}],"wp:term":[{"taxonomy":"pwb-brand","embeddable":true,"href":"https:\/\/lillsport.com\/sv\/wp-json\/wp\/v2\/pwb-brand?post=5275"},{"taxonomy":"product_brand","embeddable":true,"href":"https:\/\/lillsport.com\/sv\/wp-json\/wp\/v2\/product_brand?post=5275"},{"taxonomy":"product_cat","embeddable":true,"href":"https:\/\/lillsport.com\/sv\/wp-json\/wp\/v2\/product_cat?post=5275"},{"taxonomy":"product_tag","embeddable":true,"href":"https:\/\/lillsport.com\/sv\/wp-json\/wp\/v2\/product_tag?post=5275"}],"curies":[{"name":"wp","href":"https:\/\/api.w.org\/{rel}","templated":true}]}}