{"id":5689,"date":"2024-11-18T10:36:33","date_gmt":"2024-11-18T09:36:33","guid":{"rendered":"https:\/\/lillsport.com\/?post_type=product&#038;p=5689"},"modified":"2026-04-09T11:45:34","modified_gmt":"2026-04-09T09:45:34","slug":"legend-slim-040450","status":"publish","type":"product","link":"https:\/\/lillsport.com\/sv\/produkt\/legend-slim-040450\/","title":{"rendered":"Stina Legend Slim &#8211; 040450"},"content":{"rendered":"<p>Ofodrad och vindavvisande race-handske med smalare passform anpassad f\u00f6r medelh\u00f6g till h\u00f6g intensitet vid kallare temperaturer. Ovanhanden best\u00e5r av vindavvisande textil med god andningsf\u00f6rm\u00e5ga som skyddar dina h\u00e4nder mot kyla och ventilerar kroppsv\u00e4rme f\u00f6r b\u00e4sta komfort. Slitstarkt och l\u00e4ttsk\u00f6tt syntetl\u00e4der i innerhanden medf\u00f6r en god k\u00e4nsla mot staven. Tight, smidig och v\u00e4rmande mudd som passar in enkelt under tr\u00e4ningsjackan.<\/p>\n","protected":false},"excerpt":{"rendered":"<p>Svenska l\u00e4ngdskid\u00e5karen Stina Nilssons egendesignade handske. Handsken som anv\u00e4nds av de flesta elitskid\u00e5kare. En tightare passform i vindt\u00e4t ovansida och innerhand i slitstarkt och l\u00e4ttsk\u00f6tt syntetl\u00e4der.<\/p>\n","protected":false},"featured_media":3794,"template":"","meta":{"_acf_changed":false},"pwb-brand":[],"product_brand":[],"product_cat":[238],"product_tag":[],"class_list":{"0":"post-5689","1":"product","2":"type-product","3":"status-publish","4":"has-post-thumbnail","6":"product_cat-cross-country-ski-gloves","7":"pa_farg-lion","8":"pa_foder-ofodrad","9":"pa_komposition-clarino","10":"pa_komposition-vind-och-vattenavvisande-3-lagerstextil","11":"pa_material-syntet","12":"pa_mudd-stickad-ull-polyamid","13":"pa_passform-slim","14":"pa_storlek-10-en","15":"pa_storlek-280","16":"pa_storlek-281","17":"pa_storlek-261","18":"pa_storlek-269","19":"pa_storlek-276","20":"pa_storlek-277","21":"pa_storlek-278","22":"pa_typ-fingerhandske","24":"first","25":"instock","26":"taxable","27":"shipping-taxable","28":"product-type-variable"},"acf":[],"kroconnect":{"tax_rate":25,"price_inc_vat":{"regular_price":699},"price_ex_vat":{"regular_price":559.2}},"brands":[],"_links":{"self":[{"href":"https:\/\/lillsport.com\/sv\/wp-json\/wp\/v2\/product\/5689","targetHints":{"allow":["GET"]}}],"collection":[{"href":"https:\/\/lillsport.com\/sv\/wp-json\/wp\/v2\/product"}],"about":[{"href":"https:\/\/lillsport.com\/sv\/wp-json\/wp\/v2\/types\/product"}],"wp:featuredmedia":[{"embeddable":true,"href":"https:\/\/lillsport.com\/sv\/wp-json\/wp\/v2\/media\/3794"}],"wp:attachment":[{"href":"https:\/\/lillsport.com\/sv\/wp-json\/wp\/v2\/media?parent=5689"}],"wp:term":[{"taxonomy":"pwb-brand","embeddable":true,"href":"https:\/\/lillsport.com\/sv\/wp-json\/wp\/v2\/pwb-brand?post=5689"},{"taxonomy":"product_brand","embeddable":true,"href":"https:\/\/lillsport.com\/sv\/wp-json\/wp\/v2\/product_brand?post=5689"},{"taxonomy":"product_cat","embeddable":true,"href":"https:\/\/lillsport.com\/sv\/wp-json\/wp\/v2\/product_cat?post=5689"},{"taxonomy":"product_tag","embeddable":true,"href":"https:\/\/lillsport.com\/sv\/wp-json\/wp\/v2\/product_tag?post=5689"}],"curies":[{"name":"wp","href":"https:\/\/api.w.org\/{rel}","templated":true}]}}