{"id":6423,"date":"2025-06-16T16:39:39","date_gmt":"2025-06-16T14:39:39","guid":{"rendered":"https:\/\/lillsport.com\/?post_type=product&#038;p=6423"},"modified":"2026-04-09T13:47:59","modified_gmt":"2026-04-09T11:47:59","slug":"combin-touch-0622","status":"publish","type":"product","link":"https:\/\/lillsport.com\/sv\/produkt\/combin-touch-0622\/","title":{"rendered":"Combin touch &#8211; 0622"},"content":{"rendered":"<p>Combin Touch \u00e4r en fodrad handske. Ovansidan best\u00e5r av vindavvisande 3-lagerstextil med goda andningsegenskaper. Innerhanden, samt mellan fingrarna, best\u00e5r av ett f\u00f6ljsamt skinn fr\u00e5n Etiopisk get. Foder i microfleece samt thermovadd f\u00f6r \u00f6kad islolering. Modellen har f\u00f6rb\u00f6jda fingrar f\u00f6r smidigare k\u00e4nsla och \u00e4r utrustad med touch p\u00e5 pekfinger och tumme.<\/p>\n","protected":false},"excerpt":{"rendered":"<p>En varmfordrad l\u00e4ngdskidhandske med touch p\u00e5 pekfinger och tumme.<\/p>\n","protected":false},"featured_media":6424,"template":"","meta":{"_acf_changed":false},"pwb-brand":[],"product_brand":[],"product_cat":[238,242],"product_tag":[],"class_list":{"0":"post-6423","1":"product","2":"type-product","3":"status-publish","4":"has-post-thumbnail","6":"product_cat-cross-country-ski-gloves","7":"product_cat-outdoor","8":"pa_farg-gron-en","9":"pa_foder-thermovadd-och-varm-mikrofleece","10":"pa_komposition-49-polyamide-28-polyester-18-elasthane-5-polyurethane-membrane","11":"pa_komposition-getlader","12":"pa_material-lader","13":"pa_material-syntet","14":"pa_mudd-mudd-i-neoprene","15":"pa_passform-standard","16":"pa_storlek-279","17":"pa_storlek-280","18":"pa_storlek-281","19":"pa_storlek-261","20":"pa_storlek-269","21":"pa_storlek-7-en","22":"pa_storlek-277","23":"pa_storlek-278","25":"first","26":"instock","27":"taxable","28":"shipping-taxable","29":"product-type-variable"},"acf":[],"kroconnect":{"tax_rate":25,"price_inc_vat":{"regular_price":1099},"price_ex_vat":{"regular_price":879.2}},"brands":[],"_links":{"self":[{"href":"https:\/\/lillsport.com\/sv\/wp-json\/wp\/v2\/product\/6423","targetHints":{"allow":["GET"]}}],"collection":[{"href":"https:\/\/lillsport.com\/sv\/wp-json\/wp\/v2\/product"}],"about":[{"href":"https:\/\/lillsport.com\/sv\/wp-json\/wp\/v2\/types\/product"}],"wp:featuredmedia":[{"embeddable":true,"href":"https:\/\/lillsport.com\/sv\/wp-json\/wp\/v2\/media\/6424"}],"wp:attachment":[{"href":"https:\/\/lillsport.com\/sv\/wp-json\/wp\/v2\/media?parent=6423"}],"wp:term":[{"taxonomy":"pwb-brand","embeddable":true,"href":"https:\/\/lillsport.com\/sv\/wp-json\/wp\/v2\/pwb-brand?post=6423"},{"taxonomy":"product_brand","embeddable":true,"href":"https:\/\/lillsport.com\/sv\/wp-json\/wp\/v2\/product_brand?post=6423"},{"taxonomy":"product_cat","embeddable":true,"href":"https:\/\/lillsport.com\/sv\/wp-json\/wp\/v2\/product_cat?post=6423"},{"taxonomy":"product_tag","embeddable":true,"href":"https:\/\/lillsport.com\/sv\/wp-json\/wp\/v2\/product_tag?post=6423"}],"curies":[{"name":"wp","href":"https:\/\/api.w.org\/{rel}","templated":true}]}}