{"id":6471,"date":"2025-08-05T15:21:41","date_gmt":"2025-08-05T13:21:41","guid":{"rendered":"https:\/\/lillsport.com\/?post_type=product&#038;p=6471"},"modified":"2026-04-16T15:45:17","modified_gmt":"2026-04-16T13:45:17","slug":"nikkala-mitt-0615","status":"publish","type":"product","link":"https:\/\/lillsport.com\/sv\/produkt\/nikkala-mitt-0615\/","title":{"rendered":"Nikkala Mitt &#8211; 0615"},"content":{"rendered":"<p>Akkala Mitt \u00e4r en varmfodrad outdoor\/alpinvante. Ovansidan \u00e4r tillverkad i slitstarkt, vattenavvisande och vindt\u00e4tt material och innerhanden best\u00e5r av vattenavvisande och f\u00f6ljsamt Etiopiskt getskinn. Isolerande uttagbart foder i thermovadd och microfleece. Vanten \u00e4r utrustad med \u00e5tstramning b\u00e5de vid handleden och kragen f\u00f6r att h\u00e5lla sn\u00f6 ute.<\/p>\n<p>&nbsp;<\/p>\n<p>&nbsp;<\/p>\n","protected":false},"excerpt":{"rendered":"<p>En varmfodrad outdoor\/alpinvante med uttagsbara innevantar.<\/p>\n","protected":false},"featured_media":6802,"template":"","meta":{"_acf_changed":false},"pwb-brand":[],"product_brand":[],"product_cat":[238,242,15],"product_tag":[],"class_list":{"0":"post-6471","1":"product","2":"type-product","3":"status-publish","4":"has-post-thumbnail","6":"product_cat-cross-country-ski-gloves","7":"product_cat-outdoor","8":"product_cat-uncategorized","9":"pa_farg-black","10":"pa_foder-thermovadd-och-varm-mikrofleece","11":"pa_komposition-getlader","12":"pa_material-lader","13":"pa_passform-standard","14":"pa_storlek-l","15":"pa_storlek-m","16":"pa_storlek-s","17":"pa_storlek-xl","18":"pa_storlek-xs","19":"pa_typ-tumvante","21":"first","22":"instock","23":"taxable","24":"shipping-taxable","25":"product-type-variable"},"acf":[],"kroconnect":{"tax_rate":25,"price_inc_vat":{"regular_price":1399},"price_ex_vat":{"regular_price":1119.2}},"brands":[],"_links":{"self":[{"href":"https:\/\/lillsport.com\/sv\/wp-json\/wp\/v2\/product\/6471","targetHints":{"allow":["GET"]}}],"collection":[{"href":"https:\/\/lillsport.com\/sv\/wp-json\/wp\/v2\/product"}],"about":[{"href":"https:\/\/lillsport.com\/sv\/wp-json\/wp\/v2\/types\/product"}],"wp:featuredmedia":[{"embeddable":true,"href":"https:\/\/lillsport.com\/sv\/wp-json\/wp\/v2\/media\/6802"}],"wp:attachment":[{"href":"https:\/\/lillsport.com\/sv\/wp-json\/wp\/v2\/media?parent=6471"}],"wp:term":[{"taxonomy":"pwb-brand","embeddable":true,"href":"https:\/\/lillsport.com\/sv\/wp-json\/wp\/v2\/pwb-brand?post=6471"},{"taxonomy":"product_brand","embeddable":true,"href":"https:\/\/lillsport.com\/sv\/wp-json\/wp\/v2\/product_brand?post=6471"},{"taxonomy":"product_cat","embeddable":true,"href":"https:\/\/lillsport.com\/sv\/wp-json\/wp\/v2\/product_cat?post=6471"},{"taxonomy":"product_tag","embeddable":true,"href":"https:\/\/lillsport.com\/sv\/wp-json\/wp\/v2\/product_tag?post=6471"}],"curies":[{"name":"wp","href":"https:\/\/api.w.org\/{rel}","templated":true}]}}