{"id":6762,"date":"2025-11-17T15:57:43","date_gmt":"2025-11-17T14:57:43","guid":{"rendered":"https:\/\/lillsport.com\/?post_type=product&#038;p=6762"},"modified":"2026-04-16T11:46:07","modified_gmt":"2026-04-16T09:46:07","slug":"celsius-race-mitt-golden-041354","status":"publish","type":"product","link":"https:\/\/lillsport.com\/sv\/produkt\/celsius-race-mitt-golden-041354\/","title":{"rendered":"Stina Celsius Race Mitt &#8211; Lion Golden &#8211; 041354"},"content":{"rendered":"<p data-start=\"98\" data-end=\"639\">Stina Nilssons egen\u00addesignade Celsius Race Mitt \u2013 den perfekta race-vanten f\u00f6r kr\u00e4vande vintertr\u00e4ning. Denna fodrade och vindavvisande variant \u00e4r skapad f\u00f6r medelh\u00f6g till h\u00f6g intensitet i kallare temperaturer, med en smalare och f\u00f6ljsam passform som ger maximal kontroll. Ovanhanden \u00e4r tillverkad i ventilerande, vindavvisande material som effektivt skyddar mot kyla samtidigt som \u00f6verskottsv\u00e4rme sl\u00e4pps ut f\u00f6r optimal komfort. Innerhanden best\u00e5r av slitstarkt och l\u00e4ttsk\u00f6tt syntetl\u00e4der som ger ett stabilt och precist grepp runt staven.<\/p>\n<p data-start=\"641\" data-end=\"1003\">Handskens formsydda, v\u00e4rmande foder \u00e4r konstruerat med minimalt antal s\u00f6mmar f\u00f6r att undvika skav och skapa en bekv\u00e4m k\u00e4nsla under stavremmen. Den tighta, smidiga och isolerande mudden sitter s\u00e4kert p\u00e5 handleden och glider l\u00e4tt under tr\u00e4ningsjackan \u2013 perfekt f\u00f6r dig som vill ha en varm, funktionell och prestationsfokuserad tr\u00e4ningsvante \u00e4ven i tuff vinterkyla.<\/p>\n","protected":false},"excerpt":{"rendered":"<p>Svenska l\u00e4ngdskid\u00e5karen Stina Nilssons egen\u00addesignade handskar utvecklad f\u00f6r vintertr\u00e4ning. Handsken f\u00f6r dig som vill ha en f\u00f6ljsam tumhandske med en smalare passform och den passar bra om du \u00e4r frusen om h\u00e4nderna. Celsius Race Mitt \u00e4r en fodrad och vindavvisande race-vante med smalare passform anpassad f\u00f6r medelh\u00f6g till h\u00f6g intensitet vid kallare temperaturer. En omtyckt handske av b\u00e5de elit\u00e5kare och motion\u00e4rer!<\/p>\n<p>&nbsp;<\/p>\n","protected":false},"featured_media":6833,"template":"","meta":{"_acf_changed":false},"pwb-brand":[],"product_brand":[],"product_cat":[238,406],"product_tag":[],"class_list":{"0":"post-6762","1":"product","2":"type-product","3":"status-publish","4":"has-post-thumbnail","6":"product_cat-cross-country-ski-gloves","7":"product_cat-race-and-training","8":"pa_farg-lion-golden","9":"pa_foder-fodrad","10":"pa_komposition-clarino","11":"pa_komposition-vind-och-vattenavvisande-3-lagerstextil","12":"pa_material-syntet","13":"pa_mudd-tekniskt-stickad-sportwool-mudd","14":"pa_storlek-279","15":"pa_storlek-280","16":"pa_storlek-281","17":"pa_storlek-261","18":"pa_storlek-6-en","19":"pa_storlek-7-en","20":"pa_storlek-277","21":"pa_storlek-278","22":"pa_typ-tumvante","24":"first","25":"instock","26":"taxable","27":"shipping-taxable","28":"product-type-variable"},"acf":[],"kroconnect":{"tax_rate":25,"price_inc_vat":{"regular_price":699},"price_ex_vat":{"regular_price":559.2}},"brands":[],"_links":{"self":[{"href":"https:\/\/lillsport.com\/sv\/wp-json\/wp\/v2\/product\/6762","targetHints":{"allow":["GET"]}}],"collection":[{"href":"https:\/\/lillsport.com\/sv\/wp-json\/wp\/v2\/product"}],"about":[{"href":"https:\/\/lillsport.com\/sv\/wp-json\/wp\/v2\/types\/product"}],"wp:featuredmedia":[{"embeddable":true,"href":"https:\/\/lillsport.com\/sv\/wp-json\/wp\/v2\/media\/6833"}],"wp:attachment":[{"href":"https:\/\/lillsport.com\/sv\/wp-json\/wp\/v2\/media?parent=6762"}],"wp:term":[{"taxonomy":"pwb-brand","embeddable":true,"href":"https:\/\/lillsport.com\/sv\/wp-json\/wp\/v2\/pwb-brand?post=6762"},{"taxonomy":"product_brand","embeddable":true,"href":"https:\/\/lillsport.com\/sv\/wp-json\/wp\/v2\/product_brand?post=6762"},{"taxonomy":"product_cat","embeddable":true,"href":"https:\/\/lillsport.com\/sv\/wp-json\/wp\/v2\/product_cat?post=6762"},{"taxonomy":"product_tag","embeddable":true,"href":"https:\/\/lillsport.com\/sv\/wp-json\/wp\/v2\/product_tag?post=6762"}],"curies":[{"name":"wp","href":"https:\/\/api.w.org\/{rel}","templated":true}]}}