{"id":6780,"date":"2025-11-18T08:31:41","date_gmt":"2025-11-18T07:31:41","guid":{"rendered":"https:\/\/lillsport.com\/?post_type=product&#038;p=6780"},"modified":"2026-04-16T11:46:05","modified_gmt":"2026-04-16T09:46:05","slug":"6780","status":"publish","type":"product","link":"https:\/\/lillsport.com\/sv\/produkt\/6780\/","title":{"rendered":"Stina Legend Slim &#8211; Lion Golden &#8211; 040454"},"content":{"rendered":"<p data-start=\"184\" data-end=\"424\">Stina Nilssons egendesignade Legend Slim &#8211; En ofodrad och vindavvisande <strong data-start=\"96\" data-end=\"111\">racehandske<\/strong> med smal passform f\u00f6r effektiv tr\u00e4ning i kyligt v\u00e4der. Den ventilerande ovanhanden h\u00e5ller h\u00e4nderna varma utan att bli fuktiga, medan den slitstarka innerhanden i syntetl\u00e4der ger ett naturligt grepp om staven. Den mjuka, smidiga mudden sitter tryggt under jack\u00e4rmen och st\u00f6r inte r\u00f6relsen.<\/p>\n<p data-start=\"402\" data-end=\"493\" data-is-last-node=\"\" data-is-only-node=\"\">En l\u00e4tt och funktionell handske framtagen f\u00f6r kalla pass d\u00e4r tempo och k\u00e4nsla st\u00e5r i fokus.<\/p>\n","protected":false},"excerpt":{"rendered":"<p>Handsken som anv\u00e4nds av de flesta elitskid\u00e5kare. En tightare passform i vindt\u00e4t ovansida och innerhand i slitstarkt och l\u00e4ttsk\u00f6tt syntetl\u00e4der.<\/p>\n","protected":false},"featured_media":6782,"template":"","meta":{"_acf_changed":false},"pwb-brand":[],"product_brand":[],"product_cat":[238,406],"product_tag":[],"class_list":{"0":"post-6780","1":"product","2":"type-product","3":"status-publish","4":"has-post-thumbnail","6":"product_cat-cross-country-ski-gloves","7":"product_cat-race-and-training","8":"pa_farg-lion-golden","9":"pa_foder-ofodrad","10":"pa_komposition-clarino","11":"pa_komposition-vind-och-vattenavvisande-3-lagerstextil","12":"pa_material-syntet","13":"pa_mudd-stickad-ull-polyamid","14":"pa_passform-slim","15":"pa_storlek-279","16":"pa_storlek-280","17":"pa_storlek-281","18":"pa_storlek-261","19":"pa_storlek-269","20":"pa_storlek-276","21":"pa_storlek-277","22":"pa_storlek-9-en","23":"pa_typ-fingerhandske","25":"first","26":"instock","27":"taxable","28":"shipping-taxable","29":"product-type-variable"},"acf":[],"kroconnect":{"tax_rate":25,"price_inc_vat":{"regular_price":699},"price_ex_vat":{"regular_price":559.2}},"brands":[],"_links":{"self":[{"href":"https:\/\/lillsport.com\/sv\/wp-json\/wp\/v2\/product\/6780","targetHints":{"allow":["GET"]}}],"collection":[{"href":"https:\/\/lillsport.com\/sv\/wp-json\/wp\/v2\/product"}],"about":[{"href":"https:\/\/lillsport.com\/sv\/wp-json\/wp\/v2\/types\/product"}],"wp:featuredmedia":[{"embeddable":true,"href":"https:\/\/lillsport.com\/sv\/wp-json\/wp\/v2\/media\/6782"}],"wp:attachment":[{"href":"https:\/\/lillsport.com\/sv\/wp-json\/wp\/v2\/media?parent=6780"}],"wp:term":[{"taxonomy":"pwb-brand","embeddable":true,"href":"https:\/\/lillsport.com\/sv\/wp-json\/wp\/v2\/pwb-brand?post=6780"},{"taxonomy":"product_brand","embeddable":true,"href":"https:\/\/lillsport.com\/sv\/wp-json\/wp\/v2\/product_brand?post=6780"},{"taxonomy":"product_cat","embeddable":true,"href":"https:\/\/lillsport.com\/sv\/wp-json\/wp\/v2\/product_cat?post=6780"},{"taxonomy":"product_tag","embeddable":true,"href":"https:\/\/lillsport.com\/sv\/wp-json\/wp\/v2\/product_tag?post=6780"}],"curies":[{"name":"wp","href":"https:\/\/api.w.org\/{rel}","templated":true}]}}